{"id":3998,"date":"2024-04-23T13:38:24","date_gmt":"2024-04-23T11:38:24","guid":{"rendered":"https:\/\/caroconfort.com\/abteilung-technik\/"},"modified":"2024-06-26T16:41:07","modified_gmt":"2024-06-26T14:41:07","slug":"abteilung-technik","status":"publish","type":"page","link":"https:\/\/caroconfort.com\/de\/abteilung-technik\/","title":{"rendered":"Abteilung \/ Technik"},"content":{"rendered":"\t\t<div data-elementor-type=\"wp-page\" data-elementor-id=\"3998\" class=\"elementor elementor-3998 elementor-50\" data-elementor-post-type=\"page\">\n\t\t\t\t<section class=\"elementor-element elementor-element-3e441f38 elementor-repeater-item-ang_container_padding_6 e-flex e-con-boxed sk-none elementor-repeater-item-none elementor-repeater-item-none_hover e-con e-parent\" data-id=\"3e441f38\" data-element_type=\"container\" data-e-type=\"container\" data-settings=\"{&quot;background_background&quot;:&quot;classic&quot;,&quot;ang_container_spacing_size&quot;:&quot;ang_container_padding_6&quot;}\">\n\t\t\t\t\t<div class=\"e-con-inner\">\n\t\t<div class=\"elementor-element elementor-element-78f6998b e-con-full e-flex elementor-repeater-item-default_padding elementor-repeater-item-none elementor-repeater-item-none_hover e-con e-child\" data-id=\"78f6998b\" data-element_type=\"container\" data-e-type=\"container\" data-settings=\"{&quot;ang_container_spacing_size&quot;:&quot;default_padding&quot;}\">\n\t\t\t\t<div class=\"elementor-element elementor-element-779fa26a elementor-repeater-item-none elementor-repeater-item-none_hover elementor-widget elementor-widget-heading\" data-id=\"779fa26a\" data-element_type=\"widget\" data-e-type=\"widget\" data-widget_type=\"heading.default\">\n\t\t\t\t<div class=\"elementor-widget-container\">\n\t\t\t\t\t<h1 class=\"elementor-heading-title elementor-size-default\">Dienstleistungen &amp; technische Informationen<\/h1>\t\t\t\t<\/div>\n\t\t\t\t<\/div>\n\t\t\t\t<\/div>\n\t\t\t\t\t<\/div>\n\t\t\t\t<\/section>\n\t\t<div class=\"elementor-element elementor-element-45647dcf elementor-repeater-item-ang_container_padding_6 e-flex e-con-boxed elementor-repeater-item-none elementor-repeater-item-none_hover e-con e-parent\" data-id=\"45647dcf\" data-element_type=\"container\" data-e-type=\"container\" data-settings=\"{&quot;ang_container_spacing_size&quot;:&quot;ang_container_padding_6&quot;}\">\n\t\t\t\t\t<div class=\"e-con-inner\">\n\t\t<div class=\"elementor-element elementor-element-6ac36a02 e-con-full e-flex elementor-repeater-item-default_padding elementor-repeater-item-none elementor-repeater-item-none_hover e-con e-child\" data-id=\"6ac36a02\" data-element_type=\"container\" data-e-type=\"container\" data-settings=\"{&quot;ang_container_spacing_size&quot;:&quot;default_padding&quot;}\">\n\t\t\t\t<div class=\"elementor-element elementor-element-6c2fd282 elementor-repeater-item-none elementor-repeater-item-none_hover elementor-widget elementor-widget-heading\" data-id=\"6c2fd282\" data-element_type=\"widget\" data-e-type=\"widget\" data-widget_type=\"heading.default\">\n\t\t\t\t<div class=\"elementor-widget-container\">\n\t\t\t\t\t<h2 class=\"elementor-heading-title elementor-size-default\">Sie zu beraten,  <br>ist unser Gesch\u00e4ft.<\/h2>\t\t\t\t<\/div>\n\t\t\t\t<\/div>\n\t\t\t\t<div class=\"elementor-element elementor-element-50cc40e4 elementor-repeater-item-none elementor-repeater-item-none_hover elementor-widget elementor-widget-text-editor\" data-id=\"50cc40e4\" data-element_type=\"widget\" data-e-type=\"widget\" data-widget_type=\"text-editor.default\">\n\t\t\t\t<div class=\"elementor-widget-container\">\n\t\t\t\t\t\t\t\t\t<p>Dies ist das Motto, das den Alltag von Caro Confort bestimmt. Unsere Teams stehen Ihnen jederzeit zur Verf\u00fcgung, damit Sie alle Ihre Pl\u00e4ne verwirklichen k\u00f6nnen.<\/p>\n<p>Besuchen Sie einen unserer 7 Fliesen-Showrooms in Arlon, Battice, L\u00fcttich (Gr\u00e2ce-Hollogne), Lille (Lomme), Namur (Rhisnes), St. Vith oder Soignies und Sie werden sich schnell davon \u00fcberzeugen.<\/p>\n\t\t\t\t\t\t\t\t<\/div>\n\t\t\t\t<\/div>\n\t\t\t\t<div class=\"elementor-element elementor-element-6fd16e93 elementor-repeater-item-none elementor-repeater-item-none_hover elementor-widget elementor-widget-heading\" data-id=\"6fd16e93\" data-element_type=\"widget\" data-e-type=\"widget\" data-widget_type=\"heading.default\">\n\t\t\t\t<div class=\"elementor-widget-container\">\n\t\t\t\t\t<h3 class=\"elementor-heading-title elementor-size-default\">\u00dcber Caro Confort<\/h3>\t\t\t\t<\/div>\n\t\t\t\t<\/div>\n\t\t\t\t<\/div>\n\t\t<div class=\"elementor-element elementor-element-469836b e-con-full e-flex elementor-repeater-item-default_padding elementor-repeater-item-none elementor-repeater-item-none_hover e-con e-child\" data-id=\"469836b\" data-element_type=\"container\" data-e-type=\"container\" data-settings=\"{&quot;ang_container_spacing_size&quot;:&quot;default_padding&quot;}\">\n\t\t\t\t<div class=\"elementor-element elementor-element-610f362b external_elementor-repeater-item-none_external elementor-repeater-item-none elementor-repeater-item-none_hover elementor-widget elementor-widget-image\" data-id=\"610f362b\" data-element_type=\"widget\" data-e-type=\"widget\" data-widget_type=\"image.default\">\n\t\t\t\t<div class=\"elementor-widget-container\">\n\t\t\t\t\t\t\t\t\t\t\t\t\t\t\t<img fetchpriority=\"high\" decoding=\"async\" width=\"670\" height=\"795\" src=\"https:\/\/caroconfort.com\/wp-content\/uploads\/2024\/05\/227450_inspirations-carrelage-sejour-salon-imitation-pierre-naturelle-beige-rectangulaire-schelfhout.png\" class=\"attachment-large size-large wp-image-1803\" alt=\"\" srcset=\"https:\/\/caroconfort.com\/wp-content\/uploads\/2024\/05\/227450_inspirations-carrelage-sejour-salon-imitation-pierre-naturelle-beige-rectangulaire-schelfhout.png 670w, https:\/\/caroconfort.com\/wp-content\/uploads\/2024\/05\/227450_inspirations-carrelage-sejour-salon-imitation-pierre-naturelle-beige-rectangulaire-schelfhout-253x300.png 253w\" sizes=\"(max-width: 670px) 100vw, 670px\" \/>\t\t\t\t\t\t\t\t\t\t\t\t\t\t\t<\/div>\n\t\t\t\t<\/div>\n\t\t\t\t<\/div>\n\t\t\t\t\t<\/div>\n\t\t\t\t<\/div>\n\t\t<div class=\"elementor-element elementor-element-de56936 elementor-repeater-item-ang_container_padding_6 e-flex e-con-boxed elementor-repeater-item-none elementor-repeater-item-none_hover e-con e-parent\" data-id=\"de56936\" data-element_type=\"container\" data-e-type=\"container\" data-settings=\"{&quot;ang_container_spacing_size&quot;:&quot;ang_container_padding_6&quot;}\">\n\t\t\t\t\t<div class=\"e-con-inner\">\n\t\t\t\t<div class=\"elementor-element elementor-element-38a390e elementor-widget__width-inherit elementor-repeater-item-none elementor-repeater-item-none_hover elementor-widget elementor-widget-heading\" data-id=\"38a390e\" data-element_type=\"widget\" data-e-type=\"widget\" data-widget_type=\"heading.default\">\n\t\t\t\t<div class=\"elementor-widget-container\">\n\t\t\t\t\t<h2 class=\"elementor-heading-title elementor-size-default\">Unsere Dienstleistungen f\u00fcr Privatpersonen<\/h2>\t\t\t\t<\/div>\n\t\t\t\t<\/div>\n\t\t\t\t<div class=\"elementor-element elementor-element-7e8e4808 elementor-widget__width-inherit elementor-repeater-item-none elementor-repeater-item-none_hover elementor-widget elementor-widget-heading\" data-id=\"7e8e4808\" data-element_type=\"widget\" data-e-type=\"widget\" data-widget_type=\"heading.default\">\n\t\t\t\t<div class=\"elementor-widget-container\">\n\t\t\t\t\t<h3 class=\"elementor-heading-title elementor-size-default\">Unsere Dienstleistungen &amp; technische Informationen<\/h3>\t\t\t\t<\/div>\n\t\t\t\t<\/div>\n\t\t\t\t<div class=\"elementor-element elementor-element-fc06889 elementor-widget__width-initial elementor-widget-mobile_extra__width-inherit elementor-repeater-item-none elementor-repeater-item-none_hover elementor-widget elementor-widget-text-editor\" data-id=\"fc06889\" data-element_type=\"widget\" data-e-type=\"widget\" data-widget_type=\"text-editor.default\">\n\t\t\t\t<div class=\"elementor-widget-container\">\n\t\t\t\t\t\t\t\t\t<h3>In unseren Fliesen-Showrooms<\/h3>\n<p>Die Verkaufsberater sind in erster Linie dazu da, Sie zu f\u00fchren und zu beraten! Die meisten von ihnen sind Innenarchitekten, diplomierte Dekorateure, professionelle Fliesenleger, &#8230; und bilden sich das ganze Jahr \u00fcber weiter!<\/p>\n<p>Sie sind f\u00fcr Sie da, um Ihnen den Rat zu geben, den Sie erwarten, sei es im \u00e4sthetischen oder im technischen Bereich!<\/p>\n\t\t\t\t\t\t\t\t<\/div>\n\t\t\t\t<\/div>\n\t\t\t\t<div class=\"elementor-element elementor-element-b3efc10 elementor-widget__width-initial elementor-widget-mobile_extra__width-inherit elementor-repeater-item-none elementor-repeater-item-none_hover elementor-widget elementor-widget-text-editor\" data-id=\"b3efc10\" data-element_type=\"widget\" data-e-type=\"widget\" data-widget_type=\"text-editor.default\">\n\t\t\t\t<div class=\"elementor-widget-container\">\n\t\t\t\t\t\t\t\t\t<h3>Sie haben Schwierigkeiten, sich vorzustellen, was Ihnen angeboten wird?<\/h3>\n<p>Kein Problem, ein oder zwei Skizzen (freih\u00e4ndig oder aufwendiger) werden Ihnen helfen, Ihre Wahl zu best\u00e4tigen oder zu widerlegen.<br \/>Alle relevanten technischen Details werden Ihrem Fliesenleger mitgeteilt, um genau das zu erreichen, was Sie sich gew\u00fcnscht haben!<\/p>\n\t\t\t\t\t\t\t\t<\/div>\n\t\t\t\t<\/div>\n\t\t\t\t<div class=\"elementor-element elementor-element-b53ea02 elementor-widget__width-initial elementor-widget-mobile_extra__width-inherit elementor-repeater-item-none elementor-repeater-item-none_hover elementor-widget elementor-widget-text-editor\" data-id=\"b53ea02\" data-element_type=\"widget\" data-e-type=\"widget\" data-widget_type=\"text-editor.default\">\n\t\t\t\t<div class=\"elementor-widget-container\">\n\t\t\t\t\t\t\t\t\t<h3>Lieferung von Fliesen nach Hause!<\/h3>\n<p>Die Fliesen wiegen schwer und Sie k\u00f6nnen die bestellte Ware nicht abholen? Kein Problem, wir liefern Ihre Bestellung gegen eine geringe Geb\u00fchr an die Adresse und zu dem Datum, das Sie uns mitteilen (je nach Planung).<\/p>\n\t\t\t\t\t\t\t\t<\/div>\n\t\t\t\t<\/div>\n\t\t\t\t<div class=\"elementor-element elementor-element-96a4db1 elementor-widget__width-initial elementor-widget-mobile_extra__width-inherit elementor-repeater-item-none elementor-repeater-item-none_hover elementor-widget elementor-widget-text-editor\" data-id=\"96a4db1\" data-element_type=\"widget\" data-e-type=\"widget\" data-widget_type=\"text-editor.default\">\n\t\t\t\t<div class=\"elementor-widget-container\">\n\t\t\t\t\t\t\t\t\t<h3>Nach dem Verkauf?<\/h3>\n<p>Die Ware muss VOR der Verarbeitung gr\u00fcndlich kontrolliert werden. Sobald die Fliesen verlegt sind, gelten sie rechtlich als akzeptiert und konform. Sollte zu Beginn der Vermittlung ein Problem auftreten, stellen Sie die Arbeit ein und benachrichtigen Sie uns sofort (m\u00fcndlich, telefonisch oder per E-Mail) und best\u00e4tigen Sie dies per Einschreiben. Ein Manager wird sich innerhalb weniger Stunden mit Ihnen in Verbindung setzen.<\/p>\n\t\t\t\t\t\t\t\t<\/div>\n\t\t\t\t<\/div>\n\t\t\t\t\t<\/div>\n\t\t\t\t<\/div>\n\t\t<div class=\"elementor-element elementor-element-907b2d0 elementor-repeater-item-ang_container_padding_6 e-flex e-con-boxed elementor-repeater-item-none elementor-repeater-item-none_hover e-con e-parent\" data-id=\"907b2d0\" data-element_type=\"container\" data-e-type=\"container\" data-settings=\"{&quot;ang_container_spacing_size&quot;:&quot;ang_container_padding_6&quot;}\">\n\t\t\t\t\t<div class=\"e-con-inner\">\n\t\t\t\t<div class=\"elementor-element elementor-element-32255d5 elementor-widget__width-inherit elementor-repeater-item-none elementor-repeater-item-none_hover elementor-widget elementor-widget-heading\" data-id=\"32255d5\" data-element_type=\"widget\" data-e-type=\"widget\" data-widget_type=\"heading.default\">\n\t\t\t\t<div class=\"elementor-widget-container\">\n\t\t\t\t\t<h3 class=\"elementor-heading-title elementor-size-default\">Unsere Dienstleistungen &amp; technische Informationen<\/h3>\t\t\t\t<\/div>\n\t\t\t\t<\/div>\n\t\t\t\t<div class=\"elementor-element elementor-element-e7f5a29 elementor-widget__width-inherit elementor-repeater-item-none elementor-repeater-item-none_hover elementor-widget elementor-widget-heading\" data-id=\"e7f5a29\" data-element_type=\"widget\" data-e-type=\"widget\" data-widget_type=\"heading.default\">\n\t\t\t\t<div class=\"elementor-widget-container\">\n\t\t\t\t\t<h2 class=\"elementor-heading-title elementor-size-default\">Unsere Dienstleistungen f\u00fcr Berufst\u00e4tige<\/h2>\t\t\t\t<\/div>\n\t\t\t\t<\/div>\n\t\t\t\t<div class=\"elementor-element elementor-element-2b83ddb elementor-widget__width-initial elementor-repeater-item-none elementor-repeater-item-none_hover elementor-widget elementor-widget-text-editor\" data-id=\"2b83ddb\" data-element_type=\"widget\" data-e-type=\"widget\" data-widget_type=\"text-editor.default\">\n\t\t\t\t<div class=\"elementor-widget-container\">\n\t\t\t\t\t\t\t\t\t<h3>Professionelle Kontakte<\/h3>\n<p>In jeder Filiale gibt es eine Person, die speziell f\u00fcr den Kontakt mit Fachleuten zust\u00e4ndig ist: Fliesenleger, Wiederverk\u00e4ufer, Schl\u00fcsseldienst, Bauunternehmer, Architekt, &#8230; Unser Mitarbeiter steht Ihnen zur Verf\u00fcgung, um alles, was Sie brauchen, in erster Linie zu realisieren.<\/p>\n\t\t\t\t\t\t\t\t<\/div>\n\t\t\t\t<\/div>\n\t\t\t\t<div class=\"elementor-element elementor-element-b581d9b elementor-widget__width-initial elementor-repeater-item-none elementor-repeater-item-none_hover elementor-widget elementor-widget-text-editor\" data-id=\"b581d9b\" data-element_type=\"widget\" data-e-type=\"widget\" data-widget_type=\"text-editor.default\">\n\t\t\t\t<div class=\"elementor-widget-container\">\n\t\t\t\t\t\t\t\t\t<h3>Lieferung<\/h3>\n<p>Unsere eigenen Lieferwagen (nicht unsere Subunternehmer) sind mit Kr\u00e4nen ausgestattet, die das Aufh\u00e4ngen von Paletten in den ersten Stockwerken (je nach Standort) erm\u00f6glichen. Dies ist in vielen F\u00e4llen eine deutliche Zeitersparnis. Dieser kostenpflichtige Service muss vor der Lieferung bei unserem Logistikmanager beantragt werden.<\/p>\n\t\t\t\t\t\t\t\t<\/div>\n\t\t\t\t<\/div>\n\t\t\t\t<div class=\"elementor-element elementor-element-c22848b elementor-widget__width-initial elementor-repeater-item-none elementor-repeater-item-none_hover elementor-widget elementor-widget-text-editor\" data-id=\"c22848b\" data-element_type=\"widget\" data-e-type=\"widget\" data-widget_type=\"text-editor.default\">\n\t\t\t\t<div class=\"elementor-widget-container\">\n\t\t\t\t\t\t\t\t\t<h3>Schulungen<\/h3>\n<p>Die Technologien entwickeln sich sehr schnell. Neue Materialien werden entwickelt, die immer leistungsf\u00e4higer werden. Sie m\u00fcssen sie also kennen! Daher sind wir bestrebt, Sie laufend \u00fcber dieses Thema zu informieren. Regelm\u00e4\u00dfig werden Themenabende angeboten, um Fachleuten aller Art die M\u00f6glichkeit zu geben, sich \u00fcber diese wichtigen Entwicklungen in ihrem Beruf auf dem Laufenden zu halten.<\/p>\n\t\t\t\t\t\t\t\t<\/div>\n\t\t\t\t<\/div>\n\t\t\t\t\t<\/div>\n\t\t\t\t<\/div>\n\t\t\t\t<\/div>\n\t\t","protected":false},"excerpt":{"rendered":"<p>Dienstleistungen &amp; technische Informationen Sie zu beraten, ist unser Gesch\u00e4ft. Dies ist das Motto, das den Alltag von Caro Confort bestimmt. Unsere Teams stehen Ihnen jederzeit zur Verf\u00fcgung, damit Sie alle Ihre Pl\u00e4ne verwirklichen k\u00f6nnen. Besuchen Sie einen unserer 7 Fliesen-Showrooms in Arlon, Battice, L\u00fcttich (Gr\u00e2ce-Hollogne), Lille (Lomme), Namur (Rhisnes), St. Vith oder Soignies und [&hellip;]<\/p>\n","protected":false},"author":1,"featured_media":0,"parent":0,"menu_order":0,"comment_status":"closed","ping_status":"closed","template":"","meta":{"_acf_changed":false,"footnotes":""},"class_list":["post-3998","page","type-page","status-publish","hentry"],"acf":[],"_links":{"self":[{"href":"https:\/\/caroconfort.com\/de\/wp-json\/wp\/v2\/pages\/3998","targetHints":{"allow":["GET"]}}],"collection":[{"href":"https:\/\/caroconfort.com\/de\/wp-json\/wp\/v2\/pages"}],"about":[{"href":"https:\/\/caroconfort.com\/de\/wp-json\/wp\/v2\/types\/page"}],"author":[{"embeddable":true,"href":"https:\/\/caroconfort.com\/de\/wp-json\/wp\/v2\/users\/1"}],"replies":[{"embeddable":true,"href":"https:\/\/caroconfort.com\/de\/wp-json\/wp\/v2\/comments?post=3998"}],"version-history":[{"count":1,"href":"https:\/\/caroconfort.com\/de\/wp-json\/wp\/v2\/pages\/3998\/revisions"}],"predecessor-version":[{"id":4002,"href":"https:\/\/caroconfort.com\/de\/wp-json\/wp\/v2\/pages\/3998\/revisions\/4002"}],"wp:attachment":[{"href":"https:\/\/caroconfort.com\/de\/wp-json\/wp\/v2\/media?parent=3998"}],"curies":[{"name":"wp","href":"https:\/\/api.w.org\/{rel}","templated":true}]}}