{"id":3992,"date":"2024-06-24T16:33:33","date_gmt":"2024-06-24T14:33:33","guid":{"rendered":"https:\/\/caroconfort.com\/spontanbewerbung\/"},"modified":"2025-04-03T19:36:52","modified_gmt":"2025-04-03T17:36:52","slug":"spontanbewerbung","status":"publish","type":"page","link":"https:\/\/caroconfort.com\/de\/spontanbewerbung\/","title":{"rendered":"Spontanbewerbung"},"content":{"rendered":"\t\t<div data-elementor-type=\"wp-page\" data-elementor-id=\"3992\" class=\"elementor elementor-3992 elementor-3656\" data-elementor-post-type=\"page\">\n\t\t\t\t<div class=\"elementor-element elementor-element-bdae220 sk-light-bg elementor-repeater-item-ang_container_padding_6 e-flex e-con-boxed elementor-repeater-item-none elementor-repeater-item-none_hover e-con e-parent\" data-id=\"bdae220\" data-element_type=\"container\" data-e-type=\"container\" data-settings=\"{&quot;background_background&quot;:&quot;classic&quot;,&quot;ang_container_spacing_size&quot;:&quot;ang_container_padding_6&quot;}\">\n\t\t\t\t\t<div class=\"e-con-inner\">\n\t\t\t\t<div class=\"elementor-element elementor-element-de1a42f elementor-repeater-item-none elementor-repeater-item-none_hover elementor-widget elementor-widget-heading\" data-id=\"de1a42f\" data-element_type=\"widget\" data-e-type=\"widget\" data-widget_type=\"heading.default\">\n\t\t\t\t<div class=\"elementor-widget-container\">\n\t\t\t\t\t<h2 class=\"elementor-heading-title elementor-size-default\">Spontanbewerbung<\/h2>\t\t\t\t<\/div>\n\t\t\t\t<\/div>\n\t\t\t\t<div class=\"elementor-element elementor-element-efd0311 elementor-repeater-item-none elementor-repeater-item-none_hover elementor-widget elementor-widget-text-editor\" data-id=\"efd0311\" data-element_type=\"widget\" data-e-type=\"widget\" data-widget_type=\"text-editor.default\">\n\t\t\t\t<div class=\"elementor-widget-container\">\n\t\t\t\t\t\t\t\t\tM\u00f6chten Sie sich Caro Confort anschlie\u00dfen? Senden Sie uns Ihre Initiativbewerbung mit Ihrem Werdegang und Ihrem Motivationsschreiben! Caro Confort, Experte f\u00fcr Fliesen.\t\t\t\t\t\t\t\t<\/div>\n\t\t\t\t<\/div>\n\t\t\t\t\t<\/div>\n\t\t\t\t<\/div>\n\t\t<div class=\"elementor-element elementor-element-253bf87 elementor-repeater-item-ang_container_padding_7 e-flex e-con-boxed elementor-repeater-item-none elementor-repeater-item-none_hover e-con e-parent\" data-id=\"253bf87\" data-element_type=\"container\" data-e-type=\"container\" data-settings=\"{&quot;ang_container_spacing_size&quot;:&quot;ang_container_padding_7&quot;}\">\n\t\t\t\t\t<div class=\"e-con-inner\">\n\t\t<div class=\"elementor-element elementor-element-bd8980d e-con-full elementor-repeater-item-ang_container_padding_8 e-flex elementor-repeater-item-none elementor-repeater-item-none_hover e-con e-child\" data-id=\"bd8980d\" data-element_type=\"container\" data-e-type=\"container\" data-settings=\"{&quot;ang_container_spacing_size&quot;:&quot;ang_container_padding_8&quot;}\">\n\t\t\t\t<div class=\"elementor-element elementor-element-1fe170e elementor-repeater-item-none elementor-repeater-item-none_hover elementor-widget elementor-widget-heading\" data-id=\"1fe170e\" data-element_type=\"widget\" data-e-type=\"widget\" data-widget_type=\"heading.default\">\n\t\t\t\t<div class=\"elementor-widget-container\">\n\t\t\t\t\t<h2 class=\"elementor-heading-title elementor-size-default\">Spontanbewerbung<\/h2>\t\t\t\t<\/div>\n\t\t\t\t<\/div>\n\t\t\t\t<div class=\"elementor-element elementor-element-8001681 elementor-widget__width-inherit elementor-repeater-item-none elementor-repeater-item-none_hover elementor-widget elementor-widget-text-editor\" data-id=\"8001681\" data-element_type=\"widget\" data-e-type=\"widget\" data-widget_type=\"text-editor.default\">\n\t\t\t\t<div class=\"elementor-widget-container\">\n\t\t\t\t\t\t\t\t\t<p>\n<div class=\"wpcf7 no-js\" id=\"wpcf7-f4103-o1\" lang=\"de-DE\" dir=\"ltr\" data-wpcf7-id=\"4103\">\n<div class=\"screen-reader-response\"><p role=\"status\" aria-live=\"polite\" aria-atomic=\"true\"><\/p> <ul><\/ul><\/div>\n<form action=\"\/de\/wp-json\/wp\/v2\/pages\/3992#wpcf7-f4103-o1\" method=\"post\" class=\"wpcf7-form init\" aria-label=\"Kontaktformular\" enctype=\"multipart\/form-data\" novalidate=\"novalidate\" data-status=\"init\">\n<fieldset class=\"hidden-fields-container\"><input type=\"hidden\" name=\"_wpcf7\" value=\"4103\" \/><input type=\"hidden\" name=\"_wpcf7_version\" value=\"6.1.5\" \/><input type=\"hidden\" name=\"_wpcf7_locale\" value=\"de_DE\" \/><input type=\"hidden\" name=\"_wpcf7_unit_tag\" value=\"wpcf7-f4103-o1\" \/><input type=\"hidden\" name=\"_wpcf7_container_post\" value=\"0\" \/><input type=\"hidden\" name=\"_wpcf7_posted_data_hash\" value=\"\" \/><input type=\"hidden\" name=\"_wpcf7_recaptcha_response\" value=\"\" \/>\n<\/fieldset>\n<div class=\"row gx-3\">\n\t<p class=\"col-6\"><label>Name<\/label><span class=\"wpcf7-form-control-wrap\" data-name=\"nom\"><input size=\"40\" maxlength=\"400\" class=\"wpcf7-form-control wpcf7-text wpcf7-validates-as-required\" autocomplete=\"nom\" aria-required=\"true\" aria-invalid=\"false\" placeholder=\"Name *\" value=\"\" type=\"text\" name=\"nom\" \/><\/span>\n\t<\/p>\n\t<p class=\"col-6\"><label>Vorname<\/label><span class=\"wpcf7-form-control-wrap\" data-name=\"prenom\"><input size=\"40\" maxlength=\"400\" class=\"wpcf7-form-control wpcf7-text wpcf7-validates-as-required\" autocomplete=\"prenom\" aria-required=\"true\" aria-invalid=\"false\" placeholder=\"Vorname *\" value=\"\" type=\"text\" name=\"prenom\" \/><\/span>\n\t<\/p>\n\t<p class=\"col-12\"><label>Geburtsdatum<\/label><span class=\"wpcf7-form-control-wrap\" data-name=\"date-de-naissance\"><input class=\"wpcf7-form-control wpcf7-date wpcf7-validates-as-date\" aria-invalid=\"false\" placeholder=\"Geburtsdatum\" value=\"\" type=\"date\" name=\"date-de-naissance\" \/><\/span>\n\t<\/p>\n\t<p class=\"col-6\"><label>E-Mail<\/label><span class=\"wpcf7-form-control-wrap\" data-name=\"email\"><input size=\"40\" maxlength=\"400\" class=\"wpcf7-form-control wpcf7-email wpcf7-validates-as-required wpcf7-text wpcf7-validates-as-email\" autocomplete=\"email\" aria-required=\"true\" aria-invalid=\"false\" placeholder=\"E-Mail-Adresse *\" value=\"\" type=\"email\" name=\"email\" \/><\/span>\n\t<\/p>\n\t<p class=\"col-6\"><label>Telefon<\/label><span class=\"wpcf7-form-control-wrap\" data-name=\"phone\"><input size=\"40\" maxlength=\"400\" class=\"wpcf7-form-control wpcf7-text wpcf7-validates-as-required\" autocomplete=\"phoneplaceholder\" aria-required=\"true\" aria-invalid=\"false\" value=\"T\u00e9l\u00e9phone *\" type=\"text\" name=\"phone\" \/><\/span>\n\t<\/p>\n\t<p class=\"col-12\"><label>F\u00fcr welche Seite bewerben Sie sich?<\/label><span class=\"wpcf7-form-control-wrap\" data-name=\"showroom\"><select class=\"wpcf7-form-control wpcf7-select wpcf7-validates-as-required\" aria-required=\"true\" aria-invalid=\"false\" name=\"showroom\"><option value=\"\">&#8211; Bitte ausw\u00e4hlen &#8211;<\/option><option value=\"Arlon\">Arlon<\/option><option value=\"Battice\">Battice<\/option><option value=\"Gr\u00e2ce-Hollogne\">Gr\u00e2ce-Hollogne<\/option><option value=\"Lomme (France)\">Lomme (France)<\/option><option value=\"Rhisnes (Namur)\">Rhisnes (Namur)<\/option><option value=\"Soignies\">Soignies<\/option><option value=\"Saint-Vith\">Saint-Vith<\/option><\/select><\/span>\n\t<\/p>\n\t<p class=\"col-12\"><label>Adresse<\/label><span class=\"wpcf7-form-control-wrap\" data-name=\"adresse\"><input size=\"40\" maxlength=\"400\" class=\"wpcf7-form-control wpcf7-text wpcf7-validates-as-required\" aria-required=\"true\" aria-invalid=\"false\" placeholder=\"Adresse\" value=\"\" type=\"text\" name=\"adresse\" \/><\/span>\n\t<\/p>\n\t<p class=\"col-4\"><label>Stadt<\/label><span class=\"wpcf7-form-control-wrap\" data-name=\"ville\"><input size=\"40\" maxlength=\"400\" class=\"wpcf7-form-control wpcf7-text wpcf7-validates-as-required\" aria-required=\"true\" aria-invalid=\"false\" placeholder=\"Stadt\" value=\"\" type=\"text\" name=\"ville\" \/><\/span>\n\t<\/p>\n\t<p class=\"col-4\"><label>Postleitzahl<\/label><span class=\"wpcf7-form-control-wrap\" data-name=\"codepostal\"><input size=\"40\" maxlength=\"400\" class=\"wpcf7-form-control wpcf7-text wpcf7-validates-as-required\" aria-required=\"true\" aria-invalid=\"false\" placeholder=\"Postleitzahl\" value=\"\" type=\"text\" name=\"codepostal\" \/><\/span>\n\t<\/p>\n\t<p class=\"col-4\"><label>Land<\/label><span class=\"wpcf7-form-control-wrap\" data-name=\"pays\"><input size=\"40\" maxlength=\"400\" class=\"wpcf7-form-control wpcf7-text wpcf7-validates-as-required\" aria-required=\"true\" aria-invalid=\"false\" placeholder=\"Land\" value=\"\" type=\"text\" name=\"pays\" \/><\/span>\n\t<\/p>\n\t<p class=\"col-12\"><label>LEBENSLAUF<\/label><br \/>\n<span class=\"wpcf7-form-control-wrap\" data-name=\"cv\"><input size=\"40\" class=\"wpcf7-form-control wpcf7-file wpcf7-validates-as-required\" accept=\".pdf,.doc,.docx\" aria-required=\"true\" aria-invalid=\"false\" type=\"file\" name=\"cv\" \/><\/span>\n\t<\/p>\n\t<p class=\"col-12\"><label>Nachricht<\/label><span class=\"wpcf7-form-control-wrap\" data-name=\"message\"><textarea cols=\"40\" rows=\"6\" maxlength=\"2000\" class=\"wpcf7-form-control wpcf7-textarea\" aria-invalid=\"false\" placeholder=\"Nachricht\" name=\"message\"><\/textarea><\/span>\n\t<\/p>\n\t<p class=\"col-12\">\n\t<span class=\"wpcf7-form-control-wrap recaptcha\" data-name=\"recaptcha\"><span data-sitekey=\"6LeICwEqAAAAAIEJnCB2SCUr7axTSJ7g8yp6sPTy\" class=\"wpcf7-form-control wpcf7-recaptcha g-recaptcha\"><\/span>\r\n<noscript>\r\n\t<div class=\"grecaptcha-noscript\">\r\n\t\t<iframe src=\"https:\/\/www.google.com\/recaptcha\/api\/fallback?k=6LeICwEqAAAAAIEJnCB2SCUr7axTSJ7g8yp6sPTy\" frameborder=\"0\" scrolling=\"no\" width=\"310\" height=\"430\">\r\n\t\t<\/iframe>\r\n\t\t<textarea name=\"g-recaptcha-response\" rows=\"3\" cols=\"40\" placeholder=\"reCaptcha Response Here\">\r\n\t\t<\/textarea>\r\n\t<\/div>\r\n<\/noscript>\r\n<\/span>\n\t<\/p>\n<\/div>\n<p><input class=\"wpcf7-form-control wpcf7-submit has-spinner w-100\" type=\"submit\" value=\"Envoyer ma demande\" \/>\n<\/p><div class=\"wpcf7-response-output\" aria-hidden=\"true\"><\/div>\n<\/form>\n<\/div>\n<\/p>\n\t\t\t\t\t\t\t\t<\/div>\n\t\t\t\t<\/div>\n\t\t\t\t<div class=\"elementor-element elementor-element-bf1aa81 elementor-repeater-item-none elementor-repeater-item-none_hover elementor-widget elementor-widget-heading\" data-id=\"bf1aa81\" data-element_type=\"widget\" data-e-type=\"widget\" data-widget_type=\"heading.default\">\n\t\t\t\t<div class=\"elementor-widget-container\">\n\t\t\t\t\t<h2 class=\"elementor-heading-title elementor-size-default\">Wir antworten Ihnen innerhalb von 24 Stunden<\/h2>\t\t\t\t<\/div>\n\t\t\t\t<\/div>\n\t\t\t\t<\/div>\n\t\t<div class=\"elementor-element elementor-element-9cc6d54 e-con-full elementor-repeater-item-ang_container_padding_8 e-flex elementor-repeater-item-none elementor-repeater-item-none_hover e-con e-child\" data-id=\"9cc6d54\" data-element_type=\"container\" data-e-type=\"container\" data-settings=\"{&quot;ang_container_spacing_size&quot;:&quot;ang_container_padding_8&quot;}\">\n\t\t\t\t<div class=\"elementor-element elementor-element-e48e718 elementor-repeater-item-none elementor-repeater-item-none_hover elementor-widget elementor-widget-showrooms_list_widget\" data-id=\"e48e718\" data-element_type=\"widget\" data-e-type=\"widget\" data-widget_type=\"showrooms_list_widget.default\">\n\t\t\t\t<div class=\"elementor-widget-container\">\n\t\t\t\t\t<h2>Nos showrooms<\/h2><ul class=\"list-showrooms\"><li class=\"list-showrooms__item\"><div class=\"d-flex justify-content-between mb-2\"><strong>Fliesen-Showroom Soignies<\/strong><a class=\"unlink\" href=\"tel:+3267888070\">067\/88.80.70<\/a><\/div><div class=\"d-flex justify-content-between\"><span>Chemin de la Longue Borne, 4 - 7060 Soignies<\/span><a href=\"\" class=\"unlink\">Itin\u00e9raire<\/a><\/div><\/li><li class=\"list-showrooms__item\"><div class=\"d-flex justify-content-between mb-2\"><strong>Fliesen-Showroom St. Vith<\/strong><a class=\"unlink\" href=\"tel:+3280280150\">080\/28.01.50<\/a><\/div><div class=\"d-flex justify-content-between\"><span>Luxemburger strasse, 79A - 4780 Sankt-Vith<\/span><a href=\"\" class=\"unlink\">Itin\u00e9raire<\/a><\/div><\/li><li class=\"list-showrooms__item\"><div class=\"d-flex justify-content-between mb-2\"><strong>Fliesen-Showroom Marche<\/strong><a class=\"unlink\" href=\"tel:+3284395240\">084\/39.52.40<\/a><\/div><div class=\"d-flex justify-content-between\"><span>Rue des 2 provinces 3 - 6900 Marche-en-Famenne<\/span><a href=\"\" class=\"unlink\">Itin\u00e9raire<\/a><\/div><\/li><li class=\"list-showrooms__item\"><div class=\"d-flex justify-content-between mb-2\"><strong>Showroom Fliesen Namur (Rhisnes)<\/strong><a class=\"unlink\" href=\"tel:+3281878520\">081\/87.85.20<\/a><\/div><div class=\"d-flex justify-content-between\"><span>Rue de Gembloux, 677 - 5020 Rhisnes<\/span><a href=\"\" class=\"unlink\">Itin\u00e9raire<\/a><\/div><\/li><li class=\"list-showrooms__item\"><div class=\"d-flex justify-content-between mb-2\"><strong>Fliesen Showroom Lille (Lomme)<\/strong><a class=\"unlink\" href=\"tel:+33320004450\">03.20.00.44.50<\/a><\/div><div class=\"d-flex justify-content-between\"><span>Rue de l'Europe, 20 - F-59160 Lomme<\/span><a href=\"\" class=\"unlink\">Itin\u00e9raire<\/a><\/div><\/li><li class=\"list-showrooms__item\"><div class=\"d-flex justify-content-between mb-2\"><strong>Showroom Fliesen Kork<\/strong><a class=\"unlink\" href=\"tel:+3243642190\">04\/364.21.90<\/a><\/div><div class=\"d-flex justify-content-between\"><span>Rue de l'Avenir, 17 - 4460 Gr\u00e2ce-Hollogne<\/span><a href=\"\" class=\"unlink\">Itin\u00e9raire<\/a><\/div><\/li><li class=\"list-showrooms__item\"><div class=\"d-flex justify-content-between mb-2\"><strong>Battice Fliesen-Showroom<\/strong><a class=\"unlink\" href=\"tel:+3287692010\">087\/69.20.10<\/a><\/div><div class=\"d-flex justify-content-between\"><span>Route de Maestricht 96, 4651 Battice<\/span><a href=\"\" class=\"unlink\">Itin\u00e9raire<\/a><\/div><\/li><li class=\"list-showrooms__item\"><div class=\"d-flex justify-content-between mb-2\"><strong>Fliesen Showroom Arlon<\/strong><a class=\"unlink\" href=\"tel:+3263230390\">063\/23.03.90<\/a><\/div><div class=\"d-flex justify-content-between\"><span>Zoning Artisanal de Weyler, 21 - 6700 Arlon<\/span><a href=\"\" class=\"unlink\">Itin\u00e9raire<\/a><\/div><\/li><\/ul>\t\t\t\t<\/div>\n\t\t\t\t<\/div>\n\t\t\t\t<\/div>\n\t\t\t\t\t<\/div>\n\t\t\t\t<\/div>\n\t\t<div class=\"elementor-element elementor-element-82fc702 elementor-repeater-item-ang_container_padding_6 e-flex e-con-boxed elementor-repeater-item-none elementor-repeater-item-none_hover e-con e-parent\" data-id=\"82fc702\" data-element_type=\"container\" data-e-type=\"container\" data-settings=\"{&quot;ang_container_spacing_size&quot;:&quot;ang_container_padding_6&quot;}\">\n\t\t\t\t\t<div class=\"e-con-inner\">\n\t\t\t\t<div class=\"elementor-element elementor-element-ff560a5 elementor-repeater-item-none elementor-repeater-item-none_hover elementor-widget elementor-widget-heading\" data-id=\"ff560a5\" data-element_type=\"widget\" data-e-type=\"widget\" data-widget_type=\"heading.default\">\n\t\t\t\t<div class=\"elementor-widget-container\">\n\t\t\t\t\t<h2 class=\"elementor-heading-title elementor-size-default\">H\u00e4ufig gestellte Fragen<\/h2>\t\t\t\t<\/div>\n\t\t\t\t<\/div>\n\t\t\t\t<div class=\"elementor-element elementor-element-3801188 elementor-widget__width-initial elementor-repeater-item-none elementor-repeater-item-none_hover elementor-widget elementor-widget-toggle\" data-id=\"3801188\" data-element_type=\"widget\" data-e-type=\"widget\" data-widget_type=\"toggle.default\">\n\t\t\t\t<div class=\"elementor-widget-container\">\n\t\t\t\t\t\t\t<div class=\"elementor-toggle\">\n\t\t\t\t\t\t\t<div class=\"elementor-toggle-item\">\n\t\t\t\t\t<div id=\"elementor-tab-title-5871\" class=\"elementor-tab-title\" data-tab=\"1\" role=\"button\" aria-controls=\"elementor-tab-content-5871\" aria-expanded=\"false\">\n\t\t\t\t\t\t\t\t\t\t\t\t<span class=\"elementor-toggle-icon elementor-toggle-icon-right\" aria-hidden=\"true\">\n\t\t\t\t\t\t\t\t\t\t\t\t\t\t\t<span class=\"elementor-toggle-icon-closed\"><svg class=\"e-font-icon-svg e-fas-chevron-down\" viewBox=\"0 0 448 512\" xmlns=\"http:\/\/www.w3.org\/2000\/svg\"><path d=\"M207.029 381.476L12.686 187.132c-9.373-9.373-9.373-24.569 0-33.941l22.667-22.667c9.357-9.357 24.522-9.375 33.901-.04L224 284.505l154.745-154.021c9.379-9.335 24.544-9.317 33.901.04l22.667 22.667c9.373 9.373 9.373 24.569 0 33.941L240.971 381.476c-9.373 9.372-24.569 9.372-33.942 0z\"><\/path><\/svg><\/span>\n\t\t\t\t\t\t\t\t<span class=\"elementor-toggle-icon-opened\"><svg class=\"elementor-toggle-icon-opened e-font-icon-svg e-fas-chevron-up\" viewBox=\"0 0 448 512\" xmlns=\"http:\/\/www.w3.org\/2000\/svg\"><path d=\"M240.971 130.524l194.343 194.343c9.373 9.373 9.373 24.569 0 33.941l-22.667 22.667c-9.357 9.357-24.522 9.375-33.901.04L224 227.495 69.255 381.516c-9.379 9.335-24.544 9.317-33.901-.04l-22.667-22.667c-9.373-9.373-9.373-24.569 0-33.941L207.03 130.525c9.372-9.373 24.568-9.373 33.941-.001z\"><\/path><\/svg><\/span>\n\t\t\t\t\t\t\t\t\t\t\t\t\t<\/span>\n\t\t\t\t\t\t\t\t\t\t\t\t<a class=\"elementor-toggle-title\" tabindex=\"0\">Kann man Fliesen auf alten Fliesen verlegen?<\/a>\n\t\t\t\t\t<\/div>\n\n\t\t\t\t\t<div id=\"elementor-tab-content-5871\" class=\"elementor-tab-content elementor-clearfix\" data-tab=\"1\" role=\"region\" aria-labelledby=\"elementor-tab-title-5871\"><div class=\"elementor-element elementor-element-ec635cb elementor-repeater-item-none elementor-repeater-item-none_hover elementor-widget elementor-widget-theme-post-content\" data-id=\"ec635cb\" data-element_type=\"widget\" data-widget_type=\"theme-post-content.default\">\n<div class=\"elementor-widget-container\">\n<p>Das ist <strong>kein Problem<\/strong>! Vorausgesetzt, die alten Fliesen haften noch perfekt in ihrer gesamten Fl\u00e4che auf dem Untergrund. <strong>Wenn einige Fliesen<\/strong> <strong>lose<\/strong> sind, m\u00fcssen Sie diese <strong>entfernen<\/strong> und <strong>ausbessern<\/strong>. Nachdem Sie die Oberfl\u00e4che gut entfettet haben, kleben Sie die neuen Fliesen mit einem geeigneten Kleber an (abh\u00e4ngig vom Format der Fliesen und davon, ob eine Fu\u00dfbodenheizung vorhanden ist). Die Verwendung eines Haftvermittlers ist unerl\u00e4sslich.  Bitte wenden Sie sich an unsere Verkaufsberater.<\/p>\n<\/div>\n<\/div>\n<\/div>\n\t\t\t\t<\/div>\n\t\t\t\t\t\t\t<div class=\"elementor-toggle-item\">\n\t\t\t\t\t<div id=\"elementor-tab-title-5872\" class=\"elementor-tab-title\" data-tab=\"2\" role=\"button\" aria-controls=\"elementor-tab-content-5872\" aria-expanded=\"false\">\n\t\t\t\t\t\t\t\t\t\t\t\t<span class=\"elementor-toggle-icon elementor-toggle-icon-right\" aria-hidden=\"true\">\n\t\t\t\t\t\t\t\t\t\t\t\t\t\t\t<span class=\"elementor-toggle-icon-closed\"><svg class=\"e-font-icon-svg e-fas-chevron-down\" viewBox=\"0 0 448 512\" xmlns=\"http:\/\/www.w3.org\/2000\/svg\"><path d=\"M207.029 381.476L12.686 187.132c-9.373-9.373-9.373-24.569 0-33.941l22.667-22.667c9.357-9.357 24.522-9.375 33.901-.04L224 284.505l154.745-154.021c9.379-9.335 24.544-9.317 33.901.04l22.667 22.667c9.373 9.373 9.373 24.569 0 33.941L240.971 381.476c-9.373 9.372-24.569 9.372-33.942 0z\"><\/path><\/svg><\/span>\n\t\t\t\t\t\t\t\t<span class=\"elementor-toggle-icon-opened\"><svg class=\"elementor-toggle-icon-opened e-font-icon-svg e-fas-chevron-up\" viewBox=\"0 0 448 512\" xmlns=\"http:\/\/www.w3.org\/2000\/svg\"><path d=\"M240.971 130.524l194.343 194.343c9.373 9.373 9.373 24.569 0 33.941l-22.667 22.667c-9.357 9.357-24.522 9.375-33.901.04L224 227.495 69.255 381.516c-9.379 9.335-24.544 9.317-33.901-.04l-22.667-22.667c-9.373-9.373-9.373-24.569 0-33.941L207.03 130.525c9.372-9.373 24.568-9.373 33.941-.001z\"><\/path><\/svg><\/span>\n\t\t\t\t\t\t\t\t\t\t\t\t\t<\/span>\n\t\t\t\t\t\t\t\t\t\t\t\t<a class=\"elementor-toggle-title\" tabindex=\"0\">Was ist von chinesischen Fliesen zu halten?<\/a>\n\t\t\t\t\t<\/div>\n\n\t\t\t\t\t<div id=\"elementor-tab-content-5872\" class=\"elementor-tab-content elementor-clearfix\" data-tab=\"2\" role=\"region\" aria-labelledby=\"elementor-tab-title-5872\"><p>Qualitativ gibt es nichts zu bem\u00e4ngeln. Es ist jedoch bedauerlich, dass die meisten von ihnen <strong>mehr oder weniger gelungene<\/strong> <strong>Kopien europ\u00e4ischer Fliesen<\/strong> sind. Keine Kreativit\u00e4t, keine Originalit\u00e4t. Und eine Technologie, die nicht immer auf dem neuesten Stand ist!<\/p>\n<p>Andererseits ist es kein Geheimnis, dass das Fehlen oder der geringe Sozialschutz in China zu einer erheblichen <strong>Senkung der Produktionskosten<\/strong> f\u00fchrt. Dasselbe gilt f\u00fcr die unzul\u00e4ssigen <strong>M\u00e4ngel<\/strong><strong> im Umweltbereich<\/strong>, die ebenfalls die Kosten senken. China und Europa sind in diesen Bereichen weit davon entfernt, auf dem gleichen Stand zu sein.<\/p>\n<p>Dies veranlasste die Europ\u00e4ische Kommission 2011, den Import <strong>von<\/strong> chinesischen Fliesen nach Europa stark zu besteuern.<\/p>\n<p>Dies bedeutet, dass<strong> wir die europ\u00e4ischen Produzenten nachdr\u00fccklich unterst\u00fctzen<\/strong>, zumal auch sie sich bem\u00fchen, qualitativ hochwertige Produkte auf den Markt zu bringen, die \u00e4u\u00dferst wettbewerbsf\u00e4hig sind.<\/p>\n<\/div>\n\t\t\t\t<\/div>\n\t\t\t\t\t\t\t\t<\/div>\n\t\t\t\t\t\t<\/div>\n\t\t\t\t<\/div>\n\t\t\t\t\t<\/div>\n\t\t\t\t<\/div>\n\t\t\t\t<\/div>\n\t\t","protected":false},"excerpt":{"rendered":"<p>M\u00f6chten Sie sich Caro Confort anschlie\u00dfen? Senden Sie uns Ihre Initiativbewerbung mit Ihrem Werdegang und Ihrem Motivationsschreiben! Caro Confort, Experte f\u00fcr Fliesen.<\/p>\n","protected":false},"author":1,"featured_media":183,"parent":0,"menu_order":0,"comment_status":"closed","ping_status":"closed","template":"","meta":{"_acf_changed":false,"footnotes":""},"class_list":["post-3992","page","type-page","status-publish","has-post-thumbnail","hentry"],"acf":[],"_links":{"self":[{"href":"https:\/\/caroconfort.com\/de\/wp-json\/wp\/v2\/pages\/3992","targetHints":{"allow":["GET"]}}],"collection":[{"href":"https:\/\/caroconfort.com\/de\/wp-json\/wp\/v2\/pages"}],"about":[{"href":"https:\/\/caroconfort.com\/de\/wp-json\/wp\/v2\/types\/page"}],"author":[{"embeddable":true,"href":"https:\/\/caroconfort.com\/de\/wp-json\/wp\/v2\/users\/1"}],"replies":[{"embeddable":true,"href":"https:\/\/caroconfort.com\/de\/wp-json\/wp\/v2\/comments?post=3992"}],"version-history":[{"count":2,"href":"https:\/\/caroconfort.com\/de\/wp-json\/wp\/v2\/pages\/3992\/revisions"}],"predecessor-version":[{"id":8495,"href":"https:\/\/caroconfort.com\/de\/wp-json\/wp\/v2\/pages\/3992\/revisions\/8495"}],"wp:featuredmedia":[{"embeddable":true,"href":"https:\/\/caroconfort.com\/de\/wp-json\/wp\/v2\/media\/183"}],"wp:attachment":[{"href":"https:\/\/caroconfort.com\/de\/wp-json\/wp\/v2\/media?parent=3992"}],"curies":[{"name":"wp","href":"https:\/\/api.w.org\/{rel}","templated":true}]}}