{"id":3988,"date":"2024-04-24T00:23:31","date_gmt":"2024-04-23T22:23:31","guid":{"rendered":"https:\/\/caroconfort.com\/allgemeine-bedingungen\/"},"modified":"2026-01-12T11:46:21","modified_gmt":"2026-01-12T10:46:21","slug":"allgemeine-bedingungen","status":"publish","type":"page","link":"https:\/\/caroconfort.com\/de\/allgemeine-bedingungen\/","title":{"rendered":"Allgemeine Bedingungen"},"content":{"rendered":"\t\t<div data-elementor-type=\"wp-page\" data-elementor-id=\"3988\" class=\"elementor elementor-3988 elementor-103\" data-elementor-post-type=\"page\">\n\t\t\t\t<div class=\"elementor-element elementor-element-4fd4084 e-flex e-con-boxed elementor-repeater-item-default_padding elementor-repeater-item-none elementor-repeater-item-none_hover e-con e-parent\" data-id=\"4fd4084\" data-element_type=\"container\" data-e-type=\"container\" data-settings=\"{&quot;ang_container_spacing_size&quot;:&quot;default_padding&quot;}\">\n\t\t\t\t\t<div class=\"e-con-inner\">\n\t\t\t\t<div class=\"elementor-element elementor-element-6518eca elementor-repeater-item-none elementor-repeater-item-none_hover elementor-widget elementor-widget-text-editor\" data-id=\"6518eca\" data-element_type=\"widget\" data-e-type=\"widget\" data-widget_type=\"text-editor.default\">\n\t\t\t\t<div class=\"elementor-widget-container\">\n\t\t\t\t\t\t\t\t\t<h4>ALLGEMEINE GESCH\u00c4FTSBEDINGUNGEN<\/h4><h4><br \/>1. Allgemeines:<\/h4><p>Unsere Verkaufsbedingungen gelten ausschlie\u00dflich; entgegenstehende oder von unseren Verkaufsbedingungen abweichende Bedingungen des Kunden erkennen wir nicht an. Eventuelle abweichende Vereinbarungen gelten nur f\u00fcr den Einzelfall.<\/p><h4><br \/>2. Lieferung:<\/h4><p>Lieferfristen sind stets freibleibend. Der Beginn der von uns angegebenen Lieferzeit setzt die rechtzeitige und ordnungsgem\u00e4\u00dfe Erf\u00fcllung der Verpflichtungen des<br \/>K\u00e4ufers voraus. Teillieferungen sind gestattet. Der Verk\u00e4ufer ist von der Lieferungspflicht entbunden im Falle h\u00f6herer Gewalt. Der Verk\u00e4ufer muss nicht die<br \/>Unvorhersehbarkeit und die Unwiderstehlichkeit der St\u00f6rung beweisen. Eine Haftung f\u00fcr Lieferungs\u00fcberschreitungen ist ausgeschlossen, insofern diese nicht grob fahrl\u00e4ssig oder vors\u00e4tzlich verursacht wurden. Im Falle einer Lieferung auf der Baustelle sorgt der K\u00e4ufer f\u00fcr seine Anwesenheit, um die Waren in Empfang zu nehmen. F\u00fcr die Lieferung wird eine Pauschale von 50,00 \u20ac inkl. MwSt. berechnet. Die Ware wird so gut wie m\u00f6glich, entsprechend den technischen M\u00f6glichkeiten des Hebekrans und den Sicherheitsbestimmungen, abgeladen. In keinem Fall wird die Ware durch uns in Innenr\u00e4ume transportiert. Werden anl\u00e4sslich der Lieferung Warenumschlagsleistungen mit Hilfe des Betriebsmaterials der AG CARO CONFORT gefragt, so werden diese Zusatzleistungen zum Stundentarif von 65,00 \u20ac (Tarif 2013) in Rechnung gestellt; diese Leistungen werden ausschlie\u00dflich auf Risiko des Auftragsgebers durchgef\u00fchrt. Die AG CARO CONFORT lehnt diesbez\u00fcglich jegliche Haftung ab.<\/p><h4>3. Gefahren\u00fcbergang:<\/h4><p>Sobald die Waren unseren Firmensitz oder Warenlager<br \/>verlassen oder von uns dem Transportunternehmen \u00fcbergeben worden sind, reisen die Waren auf das Risiko des K\u00e4ufers, und dies auch dann, wenn unsere Preise franko, FOB oder CIF sind.<\/p><h4><br \/>4. Anzahlung:<\/h4><p>Die Anzahlung, die zum Zeitpunkt der Bestellungsaufgabe geleistet wird, wird mit der letzten Lieferung bez\u00fcglich der aufgegebenen Bestellung verrechnet.<\/p><h4><br \/>5. Zahlungen:<\/h4><p>Au\u00dfer bei anderslautenden schriftlichen Vereinbarungen, sind unsere Rechnungen sofort nach Rechnungsdatum netto und ohne Abzug zahlbar. Bei Nichtzahlung oder versp\u00e4teter Zahlung einer Rechnung wird diese von Rechts wegen und ohne vorherige Mahnung um 20 % und einem Minimum von 50 \u20ac erh\u00f6ht. Dar\u00fcber hinaus sind Verzugszinsen von 12 % j\u00e4hrlich zu zahlen. Bei Nichtbeachtung des vereinbarten Zahlungstermins ist der Verk\u00e4ufer u.a. berechtigt, die Lieferungen unmittelbar einzustellen und den Vertrag zu k\u00fcndigen.<\/p><h4><br \/>6. Eigentumsvorbehalt:<\/h4><p>Die verkaufte Ware bleibt im vollen Eigentum des Verk\u00e4ufers bis zum Tag der vollst\u00e4ndigen Zahlung des Verkaufspreises, der Nebenkosten und der Steuern. In Ermangelung einer Zahlung kann der Verk\u00e4ufer die Ware zur\u00fccknehmen und den Verkauf mittels einer einfachen schriftlichen Benachrichtigung aufl\u00f6sen, wenn die vorherige Mahnung nicht innerhalb von 8 Tagen befolgt wurde; dies unter Vorbehalt aller Schadenersatzanspr\u00fcche.<\/p><h4><br \/>7. Annullierung der Bestellung:<\/h4><p>Sollte der K\u00e4ufer die Bestellung teilweise oder ganz annullieren, ist er verpflichtet, eine Entsch\u00e4digung von mindestens 50 % der Bestellung zu zahlen. Sollte der Verk\u00e4ufer jedoch eine Entsch\u00e4digung von mehr als 50 %<br \/>verlangen, muss er den Umfang seines Schadens beweisen.<\/p><h4><br \/>8. Untersuchungspflicht \u2013 Garantie:<\/h4><p>Unsere Garantien entsprechen denen unserer Lieferanten. Sollten keine Lieferantengarantien bestehen, so belaufen sich unsere Garantien auf drei Monate. Die Garantie verf\u00e4llt, wenn sich der Kunde nicht an die Gebrauchsanweisung, Unterhaltshinweise oder unsere Anweisungen gehalten hat. Der K\u00e4ufer hat jede Lieferung sofort nach Empfang und VOR der Weiterverarbeitung sorgf\u00e4ltig und vollst\u00e4ndig zu untersuchen. Alle M\u00e4ngel, Falschlieferungen, Fehlmenge oder eventuellen Besch\u00e4digungen der gelieferten Ware oder der Verpackung, die zum Zeitpunkt der Lieferung bestehen, m\u00fcssen vom Kunden auf dem Lieferschein, der Rechnung oder den Transportdokumenten vermerkt werden. In Ermangelung davon k\u00f6nnen diese Beanstandungen nicht ber\u00fccksichtigt werden. Eine Reklamation ist nur dann zul\u00e4ssig, wenn sie innerhalb von 8 Tagen nach Lieferung mittels eines begr\u00fcndeten Einschreibebriefes und unter Beif\u00fcgung eines Warenmusters erfolgt. Liegt keine form- und fristgerechte Reklamation vor, gilt die Lieferung als genehmigt. Bei berechtigter und rechtzeitiger M\u00e4ngelr\u00fcge erfolgt nach unserer Wahl Ersatzlieferung oder Ersatz des Minderwertes. Weitergehende Schadenersatzanspr\u00fcche sind ausgeschlossen. In keinem Fall bestehen Gew\u00e4hrleistungsanspr\u00fcche, wenn Ware, an der M\u00e4ngel entdeckt wurden oder bei sorgf\u00e4ltiger Pr\u00fcfung h\u00e4tten entdeckt werden k\u00f6nnen, weiterver\u00e4u\u00dfert oder in Bearbeitung oder in Gebrauch genommen wird. Eine<br \/>weitergehende Haftung als in den vorausgehenden Bedingungen vorgesehen, ist \u2013 ohne R\u00fccksicht auf die Rechtsnatur des geltend gemachten Anspruchs \u2013 ausgeschlossen. Soweit unsere Haftung ausgeschlossen oder beschr\u00e4nkt ist, gilt dies auch f\u00fcr alle anderen Anspr\u00fcche.<\/p><h4><br \/>9. Verwendung:<\/h4><p>Eine Haftung daf\u00fcr, dass die gelieferte Ware f\u00fcr die vom K\u00e4ufer vorgesehene Zweckbestimmung geeignet ist, besteht nicht. Der K\u00e4ufer ist alleine f\u00fcr die Pr\u00fcfung der Anwendungsf\u00e4higkeit der Produkte zust\u00e4ndig.<\/p><p><br \/>10. Sonderbestellungen: Sonderbestellungen m\u00fcssen im Werk mit vollen Verpackungen bestellt werden. Wir behalten uns das Recht vor, die bestellten Mengen entsprechend der Werksverpackung abzu\u00e4ndern.<\/p><h4><br \/>11. Warenr\u00fccknahme:<\/h4><p>Au\u00dfer bei irrt\u00fcmlicher Warenlieferung, die auf einen Fehler unsererseits zur\u00fcckzuf\u00fchren ist, nehmen wir keine Waren zur\u00fcck.<\/p><h4><br \/>12. Erf\u00fcllungsort, Rechtswahl und Gerichtsstand:<\/h4><p>Unser Gesch\u00e4ftssitz ist Erf\u00fcllungsort. F\u00fcr diese Gesch\u00e4ftsbedingungen und die gesamten Rechtsbeziehungen zwischen Verk\u00e4ufer und K\u00e4ufer gilt belgisches Recht. F\u00fcr alle Streitigkeiten, die der vorliegende Vertrag mit sich ziehen sollte, sind nur die Gerichte unseres Firmensitzes zust\u00e4ndig. Dem Verk\u00e4ufer steht es indessen frei, ein anderes Gericht mit Streitf\u00e4llen zu befassen.<\/p>\t\t\t\t\t\t\t\t<\/div>\n\t\t\t\t<\/div>\n\t\t\t\t\t<\/div>\n\t\t\t\t<\/div>\n\t\t\t\t<\/div>\n\t\t","protected":false},"excerpt":{"rendered":"<p>ALLGEMEINE GESCH\u00c4FTSBEDINGUNGEN 1. Allgemeines: Unsere Verkaufsbedingungen gelten ausschlie\u00dflich; entgegenstehende oder von unseren Verkaufsbedingungen abweichende Bedingungen des Kunden erkennen wir nicht an. Eventuelle abweichende Vereinbarungen gelten nur f\u00fcr den Einzelfall. 2. Lieferung: Lieferfristen sind stets freibleibend. Der Beginn der von uns angegebenen Lieferzeit setzt die rechtzeitige und ordnungsgem\u00e4\u00dfe Erf\u00fcllung der Verpflichtungen desK\u00e4ufers voraus. Teillieferungen sind gestattet. [&hellip;]<\/p>\n","protected":false},"author":1,"featured_media":0,"parent":0,"menu_order":0,"comment_status":"closed","ping_status":"closed","template":"","meta":{"_acf_changed":false,"footnotes":""},"class_list":["post-3988","page","type-page","status-publish","hentry"],"acf":[],"_links":{"self":[{"href":"https:\/\/caroconfort.com\/de\/wp-json\/wp\/v2\/pages\/3988","targetHints":{"allow":["GET"]}}],"collection":[{"href":"https:\/\/caroconfort.com\/de\/wp-json\/wp\/v2\/pages"}],"about":[{"href":"https:\/\/caroconfort.com\/de\/wp-json\/wp\/v2\/types\/page"}],"author":[{"embeddable":true,"href":"https:\/\/caroconfort.com\/de\/wp-json\/wp\/v2\/users\/1"}],"replies":[{"embeddable":true,"href":"https:\/\/caroconfort.com\/de\/wp-json\/wp\/v2\/comments?post=3988"}],"version-history":[{"count":3,"href":"https:\/\/caroconfort.com\/de\/wp-json\/wp\/v2\/pages\/3988\/revisions"}],"predecessor-version":[{"id":11101,"href":"https:\/\/caroconfort.com\/de\/wp-json\/wp\/v2\/pages\/3988\/revisions\/11101"}],"wp:attachment":[{"href":"https:\/\/caroconfort.com\/de\/wp-json\/wp\/v2\/media?parent=3988"}],"curies":[{"name":"wp","href":"https:\/\/api.w.org\/{rel}","templated":true}]}}