{"id":3980,"date":"2024-04-23T13:33:54","date_gmt":"2024-04-23T11:33:54","guid":{"rendered":"https:\/\/caroconfort.com\/kontakt\/"},"modified":"2024-07-04T18:42:38","modified_gmt":"2024-07-04T16:42:38","slug":"kontakt","status":"publish","type":"page","link":"https:\/\/caroconfort.com\/de\/kontakt\/","title":{"rendered":"Kontakt"},"content":{"rendered":"\t\t<div data-elementor-type=\"wp-page\" data-elementor-id=\"3980\" class=\"elementor elementor-3980 elementor-26\" data-elementor-post-type=\"page\">\n\t\t\t\t<div class=\"elementor-element elementor-element-c9ce518 elementor-repeater-item-ang_container_padding_7 e-flex e-con-boxed elementor-repeater-item-none elementor-repeater-item-none_hover e-con e-parent\" data-id=\"c9ce518\" data-element_type=\"container\" data-e-type=\"container\" data-settings=\"{&quot;ang_container_spacing_size&quot;:&quot;ang_container_padding_7&quot;}\">\n\t\t\t\t\t<div class=\"e-con-inner\">\n\t\t<div class=\"elementor-element elementor-element-fb36ff8 e-con-full elementor-repeater-item-ang_container_padding_8 e-flex elementor-repeater-item-none elementor-repeater-item-none_hover e-con e-child\" data-id=\"fb36ff8\" data-element_type=\"container\" data-e-type=\"container\" data-settings=\"{&quot;ang_container_spacing_size&quot;:&quot;ang_container_padding_8&quot;}\">\n\t\t\t\t<div class=\"elementor-element elementor-element-a4a9610 elementor-repeater-item-none elementor-repeater-item-none_hover elementor-widget elementor-widget-heading\" data-id=\"a4a9610\" data-element_type=\"widget\" data-e-type=\"widget\" data-widget_type=\"heading.default\">\n\t\t\t\t<div class=\"elementor-widget-container\">\n\t\t\t\t\t<h1 class=\"elementor-heading-title elementor-size-default\">Kontaktieren Sie uns<\/h1>\t\t\t\t<\/div>\n\t\t\t\t<\/div>\n\t\t\t\t<div class=\"elementor-element elementor-element-7115f64 elementor-widget__width-inherit elementor-repeater-item-none elementor-repeater-item-none_hover elementor-widget elementor-widget-text-editor\" data-id=\"7115f64\" data-element_type=\"widget\" data-e-type=\"widget\" data-widget_type=\"text-editor.default\">\n\t\t\t\t<div class=\"elementor-widget-container\">\n\t\t\t\t\t\t\t\t\t<p>\n<div class=\"wpcf7 no-js\" id=\"wpcf7-f4108-o1\" lang=\"de-DE\" dir=\"ltr\" data-wpcf7-id=\"4108\">\n<div class=\"screen-reader-response\"><p role=\"status\" aria-live=\"polite\" aria-atomic=\"true\"><\/p> <ul><\/ul><\/div>\n<form action=\"\/de\/wp-json\/wp\/v2\/pages\/3980#wpcf7-f4108-o1\" method=\"post\" class=\"wpcf7-form init\" aria-label=\"Kontaktformular\" novalidate=\"novalidate\" data-status=\"init\">\n<fieldset class=\"hidden-fields-container\"><input type=\"hidden\" name=\"_wpcf7\" value=\"4108\" \/><input type=\"hidden\" name=\"_wpcf7_version\" value=\"6.1.5\" \/><input type=\"hidden\" name=\"_wpcf7_locale\" value=\"de_DE\" \/><input type=\"hidden\" name=\"_wpcf7_unit_tag\" value=\"wpcf7-f4108-o1\" \/><input type=\"hidden\" name=\"_wpcf7_container_post\" value=\"0\" \/><input type=\"hidden\" name=\"_wpcf7_posted_data_hash\" value=\"\" \/><input type=\"hidden\" name=\"_wpcf7_recaptcha_response\" value=\"\" \/>\n<\/fieldset>\n<div class=\"row gx-3\">\n\t<p class=\"col-12\"><span class=\"wpcf7-form-control-wrap\" data-name=\"contact\"><input size=\"40\" maxlength=\"400\" class=\"wpcf7-form-control wpcf7-text wpcf7-validates-as-required\" autocomplete=\"name\" aria-required=\"true\" aria-invalid=\"false\" placeholder=\"Name und Vorname *\" value=\"\" type=\"text\" name=\"contact\" \/><\/span>\n\t<\/p>\n\t<p class=\"col-12\"><span class=\"wpcf7-form-control-wrap\" data-name=\"email\"><input size=\"40\" maxlength=\"400\" class=\"wpcf7-form-control wpcf7-email wpcf7-validates-as-required wpcf7-text wpcf7-validates-as-email\" autocomplete=\"email\" aria-required=\"true\" aria-invalid=\"false\" placeholder=\"E-Mail-Adresse *\" value=\"\" type=\"email\" name=\"email\" \/><\/span>\n\t<\/p>\n\t<p class=\"col-12\"><span class=\"wpcf7-form-control-wrap\" data-name=\"phone\"><input size=\"40\" maxlength=\"400\" class=\"wpcf7-form-control wpcf7-text wpcf7-validates-as-required\" autocomplete=\"name\" aria-required=\"true\" aria-invalid=\"false\" placeholder=\"Telefon *\" value=\"\" type=\"text\" name=\"phone\" \/><\/span>\n\t<\/p>\n\t<p class=\"col-12\"><span class=\"wpcf7-form-control-wrap\" data-name=\"adresse\"><input size=\"40\" maxlength=\"400\" class=\"wpcf7-form-control wpcf7-text\" aria-invalid=\"false\" placeholder=\"Adresse\" value=\"\" type=\"text\" name=\"adresse\" \/><\/span>\n\t<\/p>\n\t<p class=\"col-8\"><span class=\"wpcf7-form-control-wrap\" data-name=\"ville\"><input size=\"40\" maxlength=\"400\" class=\"wpcf7-form-control wpcf7-text\" aria-invalid=\"false\" placeholder=\"Stadt\" value=\"\" type=\"text\" name=\"ville\" \/><\/span>\n\t<\/p>\n\t<p class=\"col-4\"><span class=\"wpcf7-form-control-wrap\" data-name=\"codepostal\"><input size=\"40\" maxlength=\"400\" class=\"wpcf7-form-control wpcf7-text\" aria-invalid=\"false\" placeholder=\"Postleitzahl\" value=\"\" type=\"text\" name=\"codepostal\" \/><\/span>\n\t<\/p>\n\t<p class=\"col-12\"><span class=\"wpcf7-form-control-wrap\" data-name=\"pays\"><select class=\"wpcf7-form-control wpcf7-select\" aria-invalid=\"false\" name=\"pays\"><option value=\"Belgique\">Belgique<\/option><option value=\"France\">France<\/option><option value=\"Luxembourg\">Luxembourg<\/option><\/select><\/span>\n\t<\/p>\n\t<p class=\"col-12\"><span class=\"wpcf7-form-control-wrap\" data-name=\"message\"><textarea cols=\"40\" rows=\"10\" maxlength=\"2000\" class=\"wpcf7-form-control wpcf7-textarea\" aria-invalid=\"false\" placeholder=\"Ihre Nachricht\" name=\"message\"><\/textarea><\/span>\n\t<\/p>\n\t<p class=\"col-12\">\n\t<span class=\"wpcf7-form-control-wrap recaptcha\" data-name=\"recaptcha\"><span data-sitekey=\"6LeICwEqAAAAAIEJnCB2SCUr7axTSJ7g8yp6sPTy\" class=\"wpcf7-form-control wpcf7-recaptcha g-recaptcha\"><\/span>\r\n<noscript>\r\n\t<div class=\"grecaptcha-noscript\">\r\n\t\t<iframe src=\"https:\/\/www.google.com\/recaptcha\/api\/fallback?k=6LeICwEqAAAAAIEJnCB2SCUr7axTSJ7g8yp6sPTy\" frameborder=\"0\" scrolling=\"no\" width=\"310\" height=\"430\">\r\n\t\t<\/iframe>\r\n\t\t<textarea name=\"g-recaptcha-response\" rows=\"3\" cols=\"40\" placeholder=\"reCaptcha Response Here\">\r\n\t\t<\/textarea>\r\n\t<\/div>\r\n<\/noscript>\r\n<\/span>\n\t<\/p>\n<\/div>\n<p><input class=\"wpcf7-form-control wpcf7-submit has-spinner w-100\" type=\"submit\" value=\"Envoyer ma demande\" \/>\n<\/p><div class=\"wpcf7-response-output\" aria-hidden=\"true\"><\/div>\n<\/form>\n<\/div>\n<\/p>\n\t\t\t\t\t\t\t\t<\/div>\n\t\t\t\t<\/div>\n\t\t\t\t<div class=\"elementor-element elementor-element-9f99edf elementor-repeater-item-none elementor-repeater-item-none_hover elementor-widget elementor-widget-heading\" data-id=\"9f99edf\" data-element_type=\"widget\" data-e-type=\"widget\" data-widget_type=\"heading.default\">\n\t\t\t\t<div class=\"elementor-widget-container\">\n\t\t\t\t\t<h2 class=\"elementor-heading-title elementor-size-default\">Wir antworten Ihnen innerhalb von 24 Stunden<\/h2>\t\t\t\t<\/div>\n\t\t\t\t<\/div>\n\t\t\t\t<\/div>\n\t\t<div class=\"elementor-element elementor-element-f165958 e-con-full elementor-repeater-item-ang_container_padding_8 e-flex elementor-repeater-item-none elementor-repeater-item-none_hover e-con e-child\" data-id=\"f165958\" data-element_type=\"container\" data-e-type=\"container\" data-settings=\"{&quot;ang_container_spacing_size&quot;:&quot;ang_container_padding_8&quot;}\">\n\t\t\t\t<div class=\"elementor-element elementor-element-63aef43 elementor-repeater-item-none elementor-repeater-item-none_hover elementor-widget elementor-widget-showrooms_list_widget\" data-id=\"63aef43\" data-element_type=\"widget\" data-e-type=\"widget\" data-widget_type=\"showrooms_list_widget.default\">\n\t\t\t\t<div class=\"elementor-widget-container\">\n\t\t\t\t\t<h2>Nos showrooms<\/h2><ul class=\"list-showrooms\"><li class=\"list-showrooms__item\"><div class=\"d-flex justify-content-between mb-2\"><strong>Fliesen-Showroom Soignies<\/strong><a class=\"unlink\" href=\"tel:+3267888070\">067\/88.80.70<\/a><\/div><div class=\"d-flex justify-content-between\"><span>Chemin de la Longue Borne, 4 - 7060 Soignies<\/span><a href=\"\" class=\"unlink\">Itin\u00e9raire<\/a><\/div><\/li><li class=\"list-showrooms__item\"><div class=\"d-flex justify-content-between mb-2\"><strong>Fliesen-Showroom St. Vith<\/strong><a class=\"unlink\" href=\"tel:+3280280150\">080\/28.01.50<\/a><\/div><div class=\"d-flex justify-content-between\"><span>Luxemburger strasse, 79A - 4780 Sankt-Vith<\/span><a href=\"\" class=\"unlink\">Itin\u00e9raire<\/a><\/div><\/li><li class=\"list-showrooms__item\"><div class=\"d-flex justify-content-between mb-2\"><strong>Fliesen-Showroom Marche<\/strong><a class=\"unlink\" href=\"tel:+3284395240\">084\/39.52.40<\/a><\/div><div class=\"d-flex justify-content-between\"><span>Rue des 2 provinces 3 - 6900 Marche-en-Famenne<\/span><a href=\"\" class=\"unlink\">Itin\u00e9raire<\/a><\/div><\/li><li class=\"list-showrooms__item\"><div class=\"d-flex justify-content-between mb-2\"><strong>Showroom Fliesen Namur (Rhisnes)<\/strong><a class=\"unlink\" href=\"tel:+3281878520\">081\/87.85.20<\/a><\/div><div class=\"d-flex justify-content-between\"><span>Rue de Gembloux, 677 - 5020 Rhisnes<\/span><a href=\"\" class=\"unlink\">Itin\u00e9raire<\/a><\/div><\/li><li class=\"list-showrooms__item\"><div class=\"d-flex justify-content-between mb-2\"><strong>Fliesen Showroom Lille (Lomme)<\/strong><a class=\"unlink\" href=\"tel:+33320004450\">03.20.00.44.50<\/a><\/div><div class=\"d-flex justify-content-between\"><span>Rue de l'Europe, 20 - F-59160 Lomme<\/span><a href=\"\" class=\"unlink\">Itin\u00e9raire<\/a><\/div><\/li><li class=\"list-showrooms__item\"><div class=\"d-flex justify-content-between mb-2\"><strong>Showroom Fliesen Kork<\/strong><a class=\"unlink\" href=\"tel:+3243642190\">04\/364.21.90<\/a><\/div><div class=\"d-flex justify-content-between\"><span>Rue de l'Avenir, 17 - 4460 Gr\u00e2ce-Hollogne<\/span><a href=\"\" class=\"unlink\">Itin\u00e9raire<\/a><\/div><\/li><li class=\"list-showrooms__item\"><div class=\"d-flex justify-content-between mb-2\"><strong>Battice Fliesen-Showroom<\/strong><a class=\"unlink\" href=\"tel:+3287692010\">087\/69.20.10<\/a><\/div><div class=\"d-flex justify-content-between\"><span>Route de Maestricht 96, 4651 Battice<\/span><a href=\"\" class=\"unlink\">Itin\u00e9raire<\/a><\/div><\/li><li class=\"list-showrooms__item\"><div class=\"d-flex justify-content-between mb-2\"><strong>Fliesen Showroom Arlon<\/strong><a class=\"unlink\" href=\"tel:+3263230390\">063\/23.03.90<\/a><\/div><div class=\"d-flex justify-content-between\"><span>Zoning Artisanal de Weyler, 21 - 6700 Arlon<\/span><a href=\"\" class=\"unlink\">Itin\u00e9raire<\/a><\/div><\/li><\/ul>\t\t\t\t<\/div>\n\t\t\t\t<\/div>\n\t\t\t\t<\/div>\n\t\t\t\t\t<\/div>\n\t\t\t\t<\/div>\n\t\t<div class=\"elementor-element elementor-element-0294064 elementor-repeater-item-ang_container_padding_6 e-flex e-con-boxed elementor-repeater-item-none elementor-repeater-item-none_hover e-con e-parent\" data-id=\"0294064\" data-element_type=\"container\" data-e-type=\"container\" data-settings=\"{&quot;ang_container_spacing_size&quot;:&quot;ang_container_padding_6&quot;}\">\n\t\t\t\t\t<div class=\"e-con-inner\">\n\t\t\t\t<div class=\"elementor-element elementor-element-86429da elementor-repeater-item-none elementor-repeater-item-none_hover elementor-widget elementor-widget-heading\" data-id=\"86429da\" data-element_type=\"widget\" data-e-type=\"widget\" data-widget_type=\"heading.default\">\n\t\t\t\t<div class=\"elementor-widget-container\">\n\t\t\t\t\t<h2 class=\"elementor-heading-title elementor-size-default\">H\u00e4ufig gestellte Fragen<\/h2>\t\t\t\t<\/div>\n\t\t\t\t<\/div>\n\t\t\t\t<div class=\"elementor-element elementor-element-3d2ebb3 elementor-widget__width-initial elementor-repeater-item-none elementor-repeater-item-none_hover elementor-widget elementor-widget-toggle\" data-id=\"3d2ebb3\" data-element_type=\"widget\" data-e-type=\"widget\" data-widget_type=\"toggle.default\">\n\t\t\t\t<div class=\"elementor-widget-container\">\n\t\t\t\t\t\t\t<div class=\"elementor-toggle\">\n\t\t\t\t\t\t\t<div class=\"elementor-toggle-item\">\n\t\t\t\t\t<div id=\"elementor-tab-title-6411\" class=\"elementor-tab-title\" data-tab=\"1\" role=\"button\" aria-controls=\"elementor-tab-content-6411\" aria-expanded=\"false\">\n\t\t\t\t\t\t\t\t\t\t\t\t<span class=\"elementor-toggle-icon elementor-toggle-icon-right\" aria-hidden=\"true\">\n\t\t\t\t\t\t\t\t\t\t\t\t\t\t\t<span class=\"elementor-toggle-icon-closed\"><svg class=\"e-font-icon-svg e-fas-chevron-down\" viewBox=\"0 0 448 512\" xmlns=\"http:\/\/www.w3.org\/2000\/svg\"><path d=\"M207.029 381.476L12.686 187.132c-9.373-9.373-9.373-24.569 0-33.941l22.667-22.667c9.357-9.357 24.522-9.375 33.901-.04L224 284.505l154.745-154.021c9.379-9.335 24.544-9.317 33.901.04l22.667 22.667c9.373 9.373 9.373 24.569 0 33.941L240.971 381.476c-9.373 9.372-24.569 9.372-33.942 0z\"><\/path><\/svg><\/span>\n\t\t\t\t\t\t\t\t<span class=\"elementor-toggle-icon-opened\"><svg class=\"elementor-toggle-icon-opened e-font-icon-svg e-fas-chevron-up\" viewBox=\"0 0 448 512\" xmlns=\"http:\/\/www.w3.org\/2000\/svg\"><path d=\"M240.971 130.524l194.343 194.343c9.373 9.373 9.373 24.569 0 33.941l-22.667 22.667c-9.357 9.357-24.522 9.375-33.901.04L224 227.495 69.255 381.516c-9.379 9.335-24.544 9.317-33.901-.04l-22.667-22.667c-9.373-9.373-9.373-24.569 0-33.941L207.03 130.525c9.372-9.373 24.568-9.373 33.941-.001z\"><\/path><\/svg><\/span>\n\t\t\t\t\t\t\t\t\t\t\t\t\t<\/span>\n\t\t\t\t\t\t\t\t\t\t\t\t<a class=\"elementor-toggle-title\" tabindex=\"0\">Brauchen Sie Reservefliesen?<\/a>\n\t\t\t\t\t<\/div>\n\n\t\t\t\t\t<div id=\"elementor-tab-content-6411\" class=\"elementor-tab-content elementor-clearfix\" data-tab=\"1\" role=\"region\" aria-labelledby=\"elementor-tab-title-6411\"><p>Ja, unbedingt! Einige Fliesen oder sogar eine oder zwei Schachteln als Reserve sind <strong>unerl\u00e4sslich<\/strong>. Wenn n\u00e4mlich einige Jahre nach der Verlegung ein Problem auftritt, wird es <strong>schwierig<\/strong> oder unm\u00f6glich sein, <strong>Ihre Fliesen<\/strong> in der <strong>gleichen Farbe<\/strong> und im <strong>gleichen Kaliber<\/strong> <strong>wieder<\/strong> zu finden. Die Best\u00e4nde werden h\u00f6chstwahrscheinlich ersch\u00f6pft sein und, falls der Artikel noch produziert wird, nur in anderen Farbt\u00f6nen und Gr\u00f6\u00dfen erh\u00e4ltlich sein.<\/p>\n<\/div>\n\t\t\t\t<\/div>\n\t\t\t\t\t\t\t<div class=\"elementor-toggle-item\">\n\t\t\t\t\t<div id=\"elementor-tab-title-6412\" class=\"elementor-tab-title\" data-tab=\"2\" role=\"button\" aria-controls=\"elementor-tab-content-6412\" aria-expanded=\"false\">\n\t\t\t\t\t\t\t\t\t\t\t\t<span class=\"elementor-toggle-icon elementor-toggle-icon-right\" aria-hidden=\"true\">\n\t\t\t\t\t\t\t\t\t\t\t\t\t\t\t<span class=\"elementor-toggle-icon-closed\"><svg class=\"e-font-icon-svg e-fas-chevron-down\" viewBox=\"0 0 448 512\" xmlns=\"http:\/\/www.w3.org\/2000\/svg\"><path d=\"M207.029 381.476L12.686 187.132c-9.373-9.373-9.373-24.569 0-33.941l22.667-22.667c9.357-9.357 24.522-9.375 33.901-.04L224 284.505l154.745-154.021c9.379-9.335 24.544-9.317 33.901.04l22.667 22.667c9.373 9.373 9.373 24.569 0 33.941L240.971 381.476c-9.373 9.372-24.569 9.372-33.942 0z\"><\/path><\/svg><\/span>\n\t\t\t\t\t\t\t\t<span class=\"elementor-toggle-icon-opened\"><svg class=\"elementor-toggle-icon-opened e-font-icon-svg e-fas-chevron-up\" viewBox=\"0 0 448 512\" xmlns=\"http:\/\/www.w3.org\/2000\/svg\"><path d=\"M240.971 130.524l194.343 194.343c9.373 9.373 9.373 24.569 0 33.941l-22.667 22.667c-9.357 9.357-24.522 9.375-33.901.04L224 227.495 69.255 381.516c-9.379 9.335-24.544 9.317-33.901-.04l-22.667-22.667c-9.373-9.373-9.373-24.569 0-33.941L207.03 130.525c9.372-9.373 24.568-9.373 33.941-.001z\"><\/path><\/svg><\/span>\n\t\t\t\t\t\t\t\t\t\t\t\t\t<\/span>\n\t\t\t\t\t\t\t\t\t\t\t\t<a class=\"elementor-toggle-title\" tabindex=\"0\">Kann man auf einer Fu\u00dfbodenheizung Fliesen verlegen?<\/a>\n\t\t\t\t\t<\/div>\n\n\t\t\t\t\t<div id=\"elementor-tab-content-6412\" class=\"elementor-tab-content elementor-clearfix\" data-tab=\"2\" role=\"region\" aria-labelledby=\"elementor-tab-title-6412\"><p>Bei einer <strong>Fu\u00dfbodenheizung<\/strong> wird die geflieste Oberfl\u00e4che durch die <strong>Ausdehnung<\/strong> und <strong>Schrumpfung<\/strong> des Untergrundes beansprucht, was entweder zu einer Druckbelastung der gefliesten Oberfl\u00e4che oder zu einer Zugbelastung der Fuge f\u00fchrt.<\/p>\n<p>Technisch gesehen ist das Verlegen von Fliesen auf einer Fu\u00dfbodenheizung <strong>kein Problem<\/strong>, wenn Sie einige <strong>Vorsichtsma\u00dfnahmen <\/strong> beachten:<\/p>\n<ul>\n<li><strong>Schalten Sie die Heizung<\/strong> mindestens 48 Stunden vor der Verlegung <strong>ab<\/strong>.<\/li>\n<li>Verlegen Sie mit<strong> breiten Fugen<\/strong>: mindestens 3 bis 4 mm.<\/li>\n<li>Verwenden Sie einen <strong>Flexkleber<\/strong> vom Typ C2TE mit verbesserter Verformbarkeit (S1 oder S2).<\/li>\n<li>Ausreichende <strong>Rand-<\/strong> und <strong>Dehnungsfugen<\/strong> gem\u00e4\u00df den geltenden Normen.<\/li>\n<\/ul>\n<p>Bei der Verlegung von Fliesen mit einer Fl\u00e4che von mehr als 3600 cm\u00b2 oder bei der Verlegung von Fliesen in mehreren Formaten oder bei der Verlegung mit versetzten Fugen<a href=\"http:\/\/www.caroconfort.com\/carrelage\/imitation-parquet\/\">(Parkettimitationen<\/a>) ist das vorherige Verlegen einer Entkopplungsmatte (Typ DITRA von SCHL\u00dcTER) erforderlich. Unsere Berater stehen Ihnen gerne zur Verf\u00fcgung, um dies im Detail zu erl\u00e4utern.<\/p>\n<\/div>\n\t\t\t\t<\/div>\n\t\t\t\t\t\t\t\t<\/div>\n\t\t\t\t\t\t<\/div>\n\t\t\t\t<\/div>\n\t\t\t\t\t<\/div>\n\t\t\t\t<\/div>\n\t\t\t\t<\/div>\n\t\t","protected":false},"excerpt":{"rendered":"<p>Kontaktieren Sie uns Wir antworten Ihnen innerhalb von 24 Stunden Nos showrooms Showroom carrelages Soignies067\/88.80.70Chemin de la Longue Borne, 4 \u2013 7060 SoigniesItin\u00e9raire Showroom carrelages Saint-Vith080\/28.01.50Luxemburger strasse, 79A \u2013 4780 Sankt-VithItin\u00e9raire Showroom carrelages Marche084\/39.52.40Rue des 2 provinces 3 \u2013 6900 Marche-en-FamenneItin\u00e9raire Showroom carrelages Namur (Rhisnes)081\/87.85.20Rue de Gembloux, 677 \u2013 5020 RhisnesItin\u00e9raire Showroom carrelages Lille (Lomme)03.20.00.44.50Rue [&hellip;]<\/p>\n","protected":false},"author":1,"featured_media":0,"parent":0,"menu_order":0,"comment_status":"closed","ping_status":"closed","template":"","meta":{"_acf_changed":false,"footnotes":""},"class_list":["post-3980","page","type-page","status-publish","hentry"],"acf":[],"_links":{"self":[{"href":"https:\/\/caroconfort.com\/de\/wp-json\/wp\/v2\/pages\/3980","targetHints":{"allow":["GET"]}}],"collection":[{"href":"https:\/\/caroconfort.com\/de\/wp-json\/wp\/v2\/pages"}],"about":[{"href":"https:\/\/caroconfort.com\/de\/wp-json\/wp\/v2\/types\/page"}],"author":[{"embeddable":true,"href":"https:\/\/caroconfort.com\/de\/wp-json\/wp\/v2\/users\/1"}],"replies":[{"embeddable":true,"href":"https:\/\/caroconfort.com\/de\/wp-json\/wp\/v2\/comments?post=3980"}],"version-history":[{"count":3,"href":"https:\/\/caroconfort.com\/de\/wp-json\/wp\/v2\/pages\/3980\/revisions"}],"predecessor-version":[{"id":5293,"href":"https:\/\/caroconfort.com\/de\/wp-json\/wp\/v2\/pages\/3980\/revisions\/5293"}],"wp:attachment":[{"href":"https:\/\/caroconfort.com\/de\/wp-json\/wp\/v2\/media?parent=3980"}],"curies":[{"name":"wp","href":"https:\/\/api.w.org\/{rel}","templated":true}]}}