{"id":3966,"date":"2024-04-23T13:35:36","date_gmt":"2024-04-23T11:35:36","guid":{"rendered":"https:\/\/caroconfort.com\/veranstaltungen\/"},"modified":"2024-06-26T16:40:50","modified_gmt":"2024-06-26T14:40:50","slug":"veranstaltungen","status":"publish","type":"page","link":"https:\/\/caroconfort.com\/de\/veranstaltungen\/","title":{"rendered":"Veranstaltungen"},"content":{"rendered":"\t\t<div data-elementor-type=\"wp-page\" data-elementor-id=\"3966\" class=\"elementor elementor-3966 elementor-30\" data-elementor-post-type=\"page\">\n\t\t\t\t<div class=\"elementor-element elementor-element-c1c6318 sk-light-bg elementor-repeater-item-ang_container_padding_6 e-flex e-con-boxed elementor-repeater-item-none elementor-repeater-item-none_hover e-con e-parent\" data-id=\"c1c6318\" data-element_type=\"container\" data-e-type=\"container\" data-settings=\"{&quot;background_background&quot;:&quot;classic&quot;,&quot;ang_container_spacing_size&quot;:&quot;ang_container_padding_6&quot;}\">\n\t\t\t\t\t<div class=\"e-con-inner\">\n\t\t\t\t<div class=\"elementor-element elementor-element-4bcd433 elementor-repeater-item-none elementor-repeater-item-none_hover elementor-widget elementor-widget-heading\" data-id=\"4bcd433\" data-element_type=\"widget\" data-e-type=\"widget\" data-widget_type=\"heading.default\">\n\t\t\t\t<div class=\"elementor-widget-container\">\n\t\t\t\t\t<h2 class=\"elementor-heading-title elementor-size-default\">Veranstaltungen<\/h2>\t\t\t\t<\/div>\n\t\t\t\t<\/div>\n\t\t\t\t<div class=\"elementor-element elementor-element-6873ddc elementor-repeater-item-none elementor-repeater-item-none_hover elementor-widget elementor-widget-text-editor\" data-id=\"6873ddc\" data-element_type=\"widget\" data-e-type=\"widget\" data-widget_type=\"text-editor.default\">\n\t\t\t\t<div class=\"elementor-widget-container\">\n\t\t\t\t\t\t\t\t\tEntdecken Sie hier alle Veranstaltungen, die Caro Confort in Belgien und Frankreich in allen unseren Fliesen-Showrooms organisiert. Gesch\u00e4fte: Arlon, Battice, Gr\u00e2ce-Hollogne (L\u00fcttich), Lomme (Lille, Frankreich), Rhisnes (Namur), Saint-Vith und Soignies.\t\t\t\t\t\t\t\t<\/div>\n\t\t\t\t<\/div>\n\t\t\t\t\t<\/div>\n\t\t\t\t<\/div>\n\t\t<div class=\"elementor-element elementor-element-2c9b1f8 e-flex e-con-boxed elementor-repeater-item-default_padding elementor-repeater-item-none elementor-repeater-item-none_hover e-con e-parent\" data-id=\"2c9b1f8\" data-element_type=\"container\" data-e-type=\"container\" data-settings=\"{&quot;ang_container_spacing_size&quot;:&quot;default_padding&quot;}\">\n\t\t\t\t\t<div class=\"e-con-inner\">\n\t\t\t\t\t<\/div>\n\t\t\t\t<\/div>\n\t\t\t\t<\/div>\n\t\t","protected":false},"excerpt":{"rendered":"<p>Entdecken Sie hier alle Veranstaltungen, die Caro Confort in Belgien und Frankreich in allen unseren Fliesen-Showrooms organisiert. Gesch\u00e4fte: Arlon, Battice, Gr\u00e2ce-Hollogne (L\u00fcttich), Lomme (Lille, Frankreich), Rhisnes (Namur), Saint-Vith und Soignies.<\/p>\n","protected":false},"author":1,"featured_media":0,"parent":0,"menu_order":0,"comment_status":"closed","ping_status":"closed","template":"","meta":{"_acf_changed":false,"footnotes":""},"class_list":["post-3966","page","type-page","status-publish","hentry"],"acf":[],"_links":{"self":[{"href":"https:\/\/caroconfort.com\/de\/wp-json\/wp\/v2\/pages\/3966","targetHints":{"allow":["GET"]}}],"collection":[{"href":"https:\/\/caroconfort.com\/de\/wp-json\/wp\/v2\/pages"}],"about":[{"href":"https:\/\/caroconfort.com\/de\/wp-json\/wp\/v2\/types\/page"}],"author":[{"embeddable":true,"href":"https:\/\/caroconfort.com\/de\/wp-json\/wp\/v2\/users\/1"}],"replies":[{"embeddable":true,"href":"https:\/\/caroconfort.com\/de\/wp-json\/wp\/v2\/comments?post=3966"}],"version-history":[{"count":1,"href":"https:\/\/caroconfort.com\/de\/wp-json\/wp\/v2\/pages\/3966\/revisions"}],"predecessor-version":[{"id":3968,"href":"https:\/\/caroconfort.com\/de\/wp-json\/wp\/v2\/pages\/3966\/revisions\/3968"}],"wp:attachment":[{"href":"https:\/\/caroconfort.com\/de\/wp-json\/wp\/v2\/media?parent=3966"}],"curies":[{"name":"wp","href":"https:\/\/api.w.org\/{rel}","templated":true}]}}