{"id":3962,"date":"2024-04-23T13:36:30","date_gmt":"2024-04-23T11:36:30","guid":{"rendered":"https:\/\/caroconfort.com\/stellenangebote\/"},"modified":"2024-06-26T16:40:50","modified_gmt":"2024-06-26T14:40:50","slug":"stellenangebote","status":"publish","type":"page","link":"https:\/\/caroconfort.com\/de\/stellenangebote\/","title":{"rendered":"Stellenangebote"},"content":{"rendered":"\t\t<div data-elementor-type=\"wp-page\" data-elementor-id=\"3962\" class=\"elementor elementor-3962 elementor-36\" data-elementor-post-type=\"page\">\n\t\t\t\t<div class=\"elementor-element elementor-element-671c08d sk-light-bg elementor-repeater-item-ang_container_padding_6 e-flex e-con-boxed elementor-repeater-item-none elementor-repeater-item-none_hover e-con e-parent\" data-id=\"671c08d\" data-element_type=\"container\" data-e-type=\"container\" data-settings=\"{&quot;background_background&quot;:&quot;classic&quot;,&quot;ang_container_spacing_size&quot;:&quot;ang_container_padding_6&quot;}\">\n\t\t\t\t\t<div class=\"e-con-inner\">\n\t\t\t\t<div class=\"elementor-element elementor-element-0b41718 elementor-repeater-item-none elementor-repeater-item-none_hover elementor-widget elementor-widget-heading\" data-id=\"0b41718\" data-element_type=\"widget\" data-e-type=\"widget\" data-widget_type=\"heading.default\">\n\t\t\t\t<div class=\"elementor-widget-container\">\n\t\t\t\t\t<h2 class=\"elementor-heading-title elementor-size-default\">Stellenangebote<\/h2>\t\t\t\t<\/div>\n\t\t\t\t<\/div>\n\t\t\t\t<div class=\"elementor-element elementor-element-fc32952 elementor-repeater-item-none elementor-repeater-item-none_hover elementor-widget elementor-widget-text-editor\" data-id=\"fc32952\" data-element_type=\"widget\" data-e-type=\"widget\" data-widget_type=\"text-editor.default\">\n\t\t\t\t<div class=\"elementor-widget-container\">\n\t\t\t\t\t\t\t\t\tSehen Sie sich unsere neuesten Stellenangebote an und bewerben Sie sich bei uns, um Teil eines Teams zu werden, das sich f\u00fcr die Welt der Fliesen begeistert.\t\t\t\t\t\t\t\t<\/div>\n\t\t\t\t<\/div>\n\t\t\t\t\t<\/div>\n\t\t\t\t<\/div>\n\t\t<div class=\"elementor-element elementor-element-273bf87b e-flex e-con-boxed elementor-repeater-item-default_padding elementor-repeater-item-none elementor-repeater-item-none_hover e-con e-parent\" data-id=\"273bf87b\" data-element_type=\"container\" data-e-type=\"container\" data-settings=\"{&quot;ang_container_spacing_size&quot;:&quot;default_padding&quot;}\">\n\t\t\t\t\t<div class=\"e-con-inner\">\n\t\t\t\t<div class=\"elementor-element elementor-element-62830b84 elementor-grid-3 elementor-grid-tablet-2 elementor-grid-mobile-1 elementor-posts--thumbnail-top elementor-repeater-item-none elementor-repeater-item-none_hover elementor-widget elementor-widget-posts\" data-id=\"62830b84\" data-element_type=\"widget\" data-e-type=\"widget\" data-settings=\"{&quot;classic_columns&quot;:&quot;3&quot;,&quot;classic_columns_tablet&quot;:&quot;2&quot;,&quot;classic_columns_mobile&quot;:&quot;1&quot;,&quot;classic_row_gap&quot;:{&quot;unit&quot;:&quot;px&quot;,&quot;size&quot;:35,&quot;sizes&quot;:[]},&quot;classic_row_gap_laptop&quot;:{&quot;unit&quot;:&quot;px&quot;,&quot;size&quot;:&quot;&quot;,&quot;sizes&quot;:[]},&quot;classic_row_gap_tablet_extra&quot;:{&quot;unit&quot;:&quot;px&quot;,&quot;size&quot;:&quot;&quot;,&quot;sizes&quot;:[]},&quot;classic_row_gap_tablet&quot;:{&quot;unit&quot;:&quot;px&quot;,&quot;size&quot;:&quot;&quot;,&quot;sizes&quot;:[]},&quot;classic_row_gap_mobile_extra&quot;:{&quot;unit&quot;:&quot;px&quot;,&quot;size&quot;:&quot;&quot;,&quot;sizes&quot;:[]},&quot;classic_row_gap_mobile&quot;:{&quot;unit&quot;:&quot;px&quot;,&quot;size&quot;:&quot;&quot;,&quot;sizes&quot;:[]}}\" data-widget_type=\"posts.classic\">\n\t\t\t\t<div class=\"elementor-widget-container\">\n\t\t\t\t\t\t\t<div class=\"elementor-posts-container elementor-posts elementor-posts--skin-classic elementor-grid\" role=\"list\">\n\t\t\t\t<article class=\"elementor-post elementor-grid-item post-4453 job type-job status-publish has-post-thumbnail hentry\" role=\"listitem\">\n\t\t\t\t<a class=\"elementor-post__thumbnail__link\" href=\"https:\/\/caroconfort.com\/de\/offre-emploi\/stellenangebot-showroom-fliesen-caro-confort-lagerarbeiter-in\/\" tabindex=\"-1\" >\n\t\t\t<div class=\"elementor-post__thumbnail\"><img fetchpriority=\"high\" decoding=\"async\" width=\"600\" height=\"450\" src=\"https:\/\/caroconfort.com\/wp-content\/uploads\/2024\/06\/offre-emploi-job-caro-confort-vendeur.webp\" class=\"attachment-medium_large size-medium_large wp-image-3516\" alt=\"\" srcset=\"https:\/\/caroconfort.com\/wp-content\/uploads\/2024\/06\/offre-emploi-job-caro-confort-vendeur.webp 600w, https:\/\/caroconfort.com\/wp-content\/uploads\/2024\/06\/offre-emploi-job-caro-confort-vendeur-300x225.webp 300w\" sizes=\"(max-width: 600px) 100vw, 600px\" \/><\/div>\n\t\t<\/a>\n\t\t\t\t<div class=\"elementor-post__text\">\n\t\t\t\t<h3 class=\"elementor-post__title\">\n\t\t\t<a href=\"https:\/\/caroconfort.com\/de\/offre-emploi\/stellenangebot-showroom-fliesen-caro-confort-lagerarbeiter-in\/\" >\n\t\t\t\tStellenangebot Showroom Fliesen Caro Confort: Lagerarbeiter\/in\t\t\t<\/a>\n\t\t<\/h3>\n\t\t\t\t<div class=\"elementor-post__excerpt\">\n\t\t\t<p>M\u00f6chten Sie Teil unseres Teams werden und Lagerist in einem unserer 7 Fliesen-Showrooms von Caro Confort werden? Entdecken Sie die Stellenangebote f\u00fcr unsere Gesch\u00e4fte!<\/p>\n\t\t<\/div>\n\t\t\n\t\t<a class=\"elementor-post__read-more\" href=\"https:\/\/caroconfort.com\/de\/offre-emploi\/stellenangebot-showroom-fliesen-caro-confort-lagerarbeiter-in\/\" aria-label=\"Mehr \u00fcber Stellenangebot Showroom Fliesen Caro Confort: Lagerarbeiter\/in\" tabindex=\"-1\" >\n\t\t\tLesen Sie mehr \"\t\t<\/a>\n\n\t\t\t\t<\/div>\n\t\t\t\t<\/article>\n\t\t\t\t<article class=\"elementor-post elementor-grid-item post-4454 job type-job status-publish has-post-thumbnail hentry\" role=\"listitem\">\n\t\t\t\t<a class=\"elementor-post__thumbnail__link\" href=\"https:\/\/caroconfort.com\/de\/offre-emploi\/stellenangebot-showroom-fliesen-caro-confort-verkaeufer-in\/\" tabindex=\"-1\" >\n\t\t\t<div class=\"elementor-post__thumbnail\"><img fetchpriority=\"high\" decoding=\"async\" width=\"600\" height=\"450\" src=\"https:\/\/caroconfort.com\/wp-content\/uploads\/2024\/06\/offre-emploi-job-caro-confort-vendeur.webp\" class=\"attachment-medium_large size-medium_large wp-image-3516\" alt=\"\" srcset=\"https:\/\/caroconfort.com\/wp-content\/uploads\/2024\/06\/offre-emploi-job-caro-confort-vendeur.webp 600w, https:\/\/caroconfort.com\/wp-content\/uploads\/2024\/06\/offre-emploi-job-caro-confort-vendeur-300x225.webp 300w\" sizes=\"(max-width: 600px) 100vw, 600px\" \/><\/div>\n\t\t<\/a>\n\t\t\t\t<div class=\"elementor-post__text\">\n\t\t\t\t<h3 class=\"elementor-post__title\">\n\t\t\t<a href=\"https:\/\/caroconfort.com\/de\/offre-emploi\/stellenangebot-showroom-fliesen-caro-confort-verkaeufer-in\/\" >\n\t\t\t\tStellenangebot Showroom Fliesen Caro Confort: Verk\u00e4ufer\/in\t\t\t<\/a>\n\t\t<\/h3>\n\t\t\t\t<div class=\"elementor-post__excerpt\">\n\t\t\t<p>M\u00f6chten Sie zu unserem Team geh\u00f6ren und Verk\u00e4ufer in einem unserer 7 Fliesen-Showrooms Caro Confort werden? Entdecken Sie die Stellenangebote f\u00fcr unsere Gesch\u00e4fte!<\/p>\n\t\t<\/div>\n\t\t\n\t\t<a class=\"elementor-post__read-more\" href=\"https:\/\/caroconfort.com\/de\/offre-emploi\/stellenangebot-showroom-fliesen-caro-confort-verkaeufer-in\/\" aria-label=\"Mehr \u00fcber Stellenangebot Showroom Fliesen Caro Confort: Verk\u00e4ufer\/in\" tabindex=\"-1\" >\n\t\t\tLesen Sie mehr \"\t\t<\/a>\n\n\t\t\t\t<\/div>\n\t\t\t\t<\/article>\n\t\t\t\t<\/div>\n\t\t\n\t\t\t\t\t\t<\/div>\n\t\t\t\t<\/div>\n\t\t\t\t\t<\/div>\n\t\t\t\t<\/div>\n\t\t\t\t<\/div>\n\t\t","protected":false},"excerpt":{"rendered":"<p>Sehen Sie sich unsere neuesten Stellenangebote an und bewerben Sie sich bei uns, um Teil eines Teams zu werden, das sich f\u00fcr die Welt der Fliesen begeistert.<\/p>\n","protected":false},"author":1,"featured_media":0,"parent":0,"menu_order":0,"comment_status":"closed","ping_status":"closed","template":"","meta":{"_acf_changed":false,"footnotes":""},"class_list":["post-3962","page","type-page","status-publish","hentry"],"acf":[],"_links":{"self":[{"href":"https:\/\/caroconfort.com\/de\/wp-json\/wp\/v2\/pages\/3962","targetHints":{"allow":["GET"]}}],"collection":[{"href":"https:\/\/caroconfort.com\/de\/wp-json\/wp\/v2\/pages"}],"about":[{"href":"https:\/\/caroconfort.com\/de\/wp-json\/wp\/v2\/types\/page"}],"author":[{"embeddable":true,"href":"https:\/\/caroconfort.com\/de\/wp-json\/wp\/v2\/users\/1"}],"replies":[{"embeddable":true,"href":"https:\/\/caroconfort.com\/de\/wp-json\/wp\/v2\/comments?post=3962"}],"version-history":[{"count":1,"href":"https:\/\/caroconfort.com\/de\/wp-json\/wp\/v2\/pages\/3962\/revisions"}],"predecessor-version":[{"id":3964,"href":"https:\/\/caroconfort.com\/de\/wp-json\/wp\/v2\/pages\/3962\/revisions\/3964"}],"wp:attachment":[{"href":"https:\/\/caroconfort.com\/de\/wp-json\/wp\/v2\/media?parent=3962"}],"curies":[{"name":"wp","href":"https:\/\/api.w.org\/{rel}","templated":true}]}}